{"id":86,"date":"2013-06-14T12:46:02","date_gmt":"2013-06-14T12:46:02","guid":{"rendered":"http:\/\/ahmeddavudoglu.com\/?page_id=86"},"modified":"2013-06-14T12:46:02","modified_gmt":"2013-06-14T12:46:02","slug":"ahmed-davudoglu-anildi-2012","status":"publish","type":"page","link":"http:\/\/www.ahmeddavudoglu.com\/?page_id=86","title":{"rendered":"ANMA PROGRAMI &#8211; 2012"},"content":{"rendered":"<p>Son devrin alimlerinden Kur-an\u2019\u0131 Kerim ve Sahih-i M\u00fcslim\u2019in m\u00fctercimi olan Ahmed Davudo\u011flu hoca UDDKAM taraf\u0131ndan Gaziosmanpa\u015fa K\u00fclt\u00fcr Merkezinde d\u00fczenlenen t\u00f6renle an\u0131ld\u0131.<\/p>\n<p>Anma program\u0131na \u00e7ok say\u0131da davetliyle Davudo\u011flu Hoca\u2019n\u0131n sevenleri kat\u0131ld\u0131.<\/p>\n<p><a href=\"http:\/\/ahmeddavudoglu.files.wordpress.com\/2013\/06\/dvudoc49flu-024.jpg\"><img loading=\"lazy\" class=\"aligncenter size-large wp-image-76\" alt=\"dvudo\u011flu 024\" src=\"http:\/\/ahmeddavudoglu.files.wordpress.com\/2013\/06\/dvudoc49flu-024.jpg?w=604\" width=\"604\" height=\"453\" \/><\/a><\/p>\n<p>Kur-an\u2019\u0131 Kerim tilavetiyle ba\u015flayan anma program\u0131n\u0131n a\u00e7\u0131l\u0131\u015f konu\u015fmas\u0131n\u0131 UDDKAM Ba\u015fkan\u0131 \u0130lahiyat\u00e7\u0131 Cihangir Boz yapt\u0131. Davudo\u011flu Hoca\u2019n\u0131n hayat hikayesinin anlat\u0131ld\u0131\u011f\u0131 slayt g\u00f6sterisinden sonra konu\u015fmalara ge\u00e7ildi.<\/p>\n<p><a href=\"http:\/\/ahmeddavudoglu.files.wordpress.com\/2013\/06\/dvudoc49flu-028.jpg\"><img loading=\"lazy\" class=\"aligncenter size-large wp-image-54\" alt=\"dvudo\u011flu 028\" src=\"http:\/\/ahmeddavudoglu.files.wordpress.com\/2013\/06\/dvudoc49flu-028.jpg?w=604\" width=\"604\" height=\"453\" \/><\/a><br \/>\nProgram\u0131n moderat\u00f6rl\u00fc\u011f\u00fcn\u00fc Fatih Sultan Mehmet \u00dcniversitesi Rekt\u00f6r Yard\u0131mc\u0131s\u0131 Prof Dr. \u00dcmit Ar\u0131n\u00e7 yapt\u0131. Konu\u015fmalar\u0131n ilkini Prof. Dr. Cevat Ak\u015fit yapt\u0131. Ak\u015fit, \u0130lahiyat Fak\u00fcltesi\u2019nde Davudo\u011flu Hoca\u2019dan ders ald\u0131\u011f\u0131n\u0131 anlatt\u0131. Ak\u015fit, Davudo\u011flu Hoca\u2019n\u0131n \u00f6\u011frencilerini Ehl-i S\u00fcnnet inanc\u0131na g\u00f6re yeti\u015ftirdi\u011fini s\u00f6yledi.<\/p>\n<p>Daha sonra \u0130lahiyat\u00e7\u0131 Yazar Enver Baytan s\u00f6z ald\u0131. Baytan da Davudo\u011flu Hoca\u2019n\u0131n ilim yolunda verdi\u011fi m\u00fccadeleyi konu etti\u011fi konu\u015fmas\u0131nda Ahmed Davudo\u011flu\u2019nun e\u011filip b\u00fck\u00fclmeyen bir karaktere sahip oldu\u011funu vurgulad\u0131.<\/p>\n<p>Konu\u015fmalara Muhaddis Emin Sara\u00e7 devam etti. Sara\u00e7, din h\u00fck\u00fcmlerinin tam olarak uygulanmas\u0131n\u0131n \u00f6nemine de\u011findi. Davudo\u011flu Hoca\u2019n\u0131n \u201cSelamet Yollar\u0131\u201d adl\u0131 eserinin \u00e7ok faydal\u0131 bir kitap oldu\u011funa de\u011finerek kuru bir terc\u00fcmeden \u00e7ok daha fazlas\u0131n\u0131n bu kitab\u0131n i\u00e7inde oldu\u011funu vurgulad\u0131.<\/p>\n<p>Anma t\u00f6reninde son olarak Samsun 19 May\u0131s \u00dcniversitesi Hadis B\u00f6l\u00fcm\u00fc Ba\u015fkan\u0131 Prof. Dr. Osman G\u00fcler s\u00f6z ald\u0131. G\u00fcler de Davudo\u011flu\u2019nun eserlerinden ziyadesiyle yararland\u0131klar\u0131n\u0131 s\u00f6yleyerek Hoca\u2019n\u0131n \u00f6zellikle Hadis konusundaki \u00e7al\u0131\u015fmalar\u0131n\u0131n \u00e7ok de\u011ferli oldu\u011funu vurgulad\u0131.<\/p>\n<p>Davudo\u011flu Hoca\u2019n\u0131n terc\u00fcme ve \u015ferhini yazd\u0131\u011f\u0131 Sahih-i M\u00fcslim\u2019in T\u00fcrkiye\u2019deki en \u00f6nemli eserlerden biri oldu\u011funu anlatan G\u00fcler, Davudo\u011flu Hoca\u2019n\u0131n yapt\u0131\u011f\u0131 \u00e7al\u0131\u015fman\u0131n k\u00fc\u00e7\u00fcmsenemeyecek kadar faydal\u0131 oldu\u011funu ifade etti.<\/p>\n<p>Prof. Dr. G\u00fcler, Ahmed Davudo\u011flu\u2019nun ge\u00e7mi\u015fteki alimlerin alt\u0131n zincirine s\u0131k\u0131 s\u0131k\u0131ya ba\u011fl\u0131 oldu\u011funu s\u00f6yledi.<\/p>\n<p>Konu\u015fmalar\u0131n ard\u0131ndan Kur-an\u2019\u0131 Kerim okunmas\u0131 ve Hatim duas\u0131yla program son buldu.<\/p>\n","protected":false},"excerpt":{"rendered":"<p>Son devrin alimlerinden Kur-an\u2019\u0131 Kerim ve Sahih-i M\u00fcslim\u2019in m\u00fctercimi olan Ahmed Davudo\u011flu hoca UDDKAM taraf\u0131ndan Gaziosmanpa\u015fa K\u00fclt\u00fcr Merkezinde d\u00fczenlenen t\u00f6renle an\u0131ld\u0131. Anma program\u0131na \u00e7ok say\u0131da davetliyle Davudo\u011flu Hoca\u2019n\u0131n sevenleri kat\u0131ld\u0131. Kur-an\u2019\u0131 Kerim tilavetiyle ba\u015flayan anma program\u0131n\u0131n a\u00e7\u0131l\u0131\u015f konu\u015fmas\u0131n\u0131 UDDKAM Ba\u015fkan\u0131 \u0130lahiyat\u00e7\u0131 Cihangir Boz yapt\u0131. Davudo\u011flu Hoca\u2019n\u0131n hayat hikayesinin anlat\u0131ld\u0131\u011f\u0131 slayt g\u00f6sterisinden sonra konu\u015fmalara ge\u00e7ildi. Program\u0131n [&hellip;]<\/p>\n","protected":false},"author":1,"featured_media":0,"parent":69,"menu_order":2,"comment_status":"open","ping_status":"open","template":"","meta":[],"_links":{"self":[{"href":"http:\/\/www.ahmeddavudoglu.com\/index.php?rest_route=\/wp\/v2\/pages\/86"}],"collection":[{"href":"http:\/\/www.ahmeddavudoglu.com\/index.php?rest_route=\/wp\/v2\/pages"}],"about":[{"href":"http:\/\/www.ahmeddavudoglu.com\/index.php?rest_route=\/wp\/v2\/types\/page"}],"author":[{"embeddable":true,"href":"http:\/\/www.ahmeddavudoglu.com\/index.php?rest_route=\/wp\/v2\/users\/1"}],"replies":[{"embeddable":true,"href":"http:\/\/www.ahmeddavudoglu.com\/index.php?rest_route=%2Fwp%2Fv2%2Fcomments&post=86"}],"version-history":[{"count":0,"href":"http:\/\/www.ahmeddavudoglu.com\/index.php?rest_route=\/wp\/v2\/pages\/86\/revisions"}],"up":[{"embeddable":true,"href":"http:\/\/www.ahmeddavudoglu.com\/index.php?rest_route=\/wp\/v2\/pages\/69"}],"wp:attachment":[{"href":"http:\/\/www.ahmeddavudoglu.com\/index.php?rest_route=%2Fwp%2Fv2%2Fmedia&parent=86"}],"curies":[{"name":"wp","href":"https:\/\/api.w.org\/{rel}","templated":true}]}}