{"id":7,"date":"2013-06-13T10:49:34","date_gmt":"2013-06-13T10:49:34","guid":{"rendered":"http:\/\/ahmeddavudoglu.wordpress.com\/?page_id=1"},"modified":"2020-09-09T10:16:02","modified_gmt":"2020-09-09T10:16:02","slug":"about","status":"publish","type":"page","link":"http:\/\/www.ahmeddavudoglu.com\/","title":{"rendered":"\u00dcstat Ahmed Davudo\u011flu"},"content":{"rendered":"<p><span style=\"color: #808080;\">Ahmed Davudo\u011flu hayat\u0131, Ahmed Davudo\u011flu eserleri, Ahmet Davudo\u011flu Hoca hakk\u0131nda merak edilenler, Ahmed Davudo\u011flu anma programlar\u0131, Ahmed Davudo\u011flu kitaplar\u0131, Ahmed Davudo\u011flu kabri nerede? B\u00fct\u00fcn bu sorular\u0131n yan\u0131tlar\u0131n\u0131 bulaca\u011f\u0131n\u0131z ahmeddavudoglu.com sitesine ho\u015fgeldiniz.<\/span><\/p>\n<p><a href=\"http:\/\/ahmeddavudoglu.files.wordpress.com\/2013\/06\/418149_148020208653279_1012932991_n.jpg\"><img loading=\"lazy\" class=\"aligncenter size-large wp-image-65\" src=\"http:\/\/ahmeddavudoglu.files.wordpress.com\/2013\/06\/418149_148020208653279_1012932991_n.jpg?w=604\" alt=\"418149_148020208653279_1012932991_n\" width=\"604\" height=\"453\" srcset=\"http:\/\/www.ahmeddavudoglu.com\/wp-content\/uploads\/2013\/06\/418149_148020208653279_1012932991_n.jpg 960w, http:\/\/www.ahmeddavudoglu.com\/wp-content\/uploads\/2013\/06\/418149_148020208653279_1012932991_n-300x225.jpg 300w, http:\/\/www.ahmeddavudoglu.com\/wp-content\/uploads\/2013\/06\/418149_148020208653279_1012932991_n-768x576.jpg 768w\" sizes=\"(max-width: 604px) 100vw, 604px\" \/><\/a>7 Nisan 1983 y\u0131l\u0131nda kaybetti\u011fimiz Osmanl\u0131 Ulemas\u0131n\u0131n son temsilcilerinden, B\u00fcy\u00fck Fakih, \u0130sl\u00e2m M\u00fccahidi \u00dcstat Ahmed Davudo\u011flu Hocaefendi hakk\u0131nda yaz\u0131lar\u0131, Hoca&#8217;n\u0131n eserlerini, \u00e7ileli hayat hikayesini web sitesinde bulabilirsiniz<\/p>\n<p>[youtube http:\/\/www.youtube.com\/watch?v=pyiNr9c-jUc&amp;w=420&amp;h=315]<\/p>\n<p><strong>ENGLISH<\/strong><\/p>\n<p>Ahmed Davudo\u011flu is islamic scholar from Turkey. He is a member of Ottoman Religion leaders. He was born in Bulgaria Shumen. He tanslated and wrote many important books about hadith (Sahih-i M\u00fcslim, Bulu\u011fu&#8217;l Meram atc.) He translated also Quran-\u0131 Kerim to Turkish. His translated Quran has accepted most reading book in Turkey yet. He died in Turkey, \u0130stanbul in 1983<br \/>\n<code><\/code><\/p>\n","protected":false},"excerpt":{"rendered":"<p>Ahmed Davudo\u011flu hayat\u0131, Ahmed Davudo\u011flu eserleri, Ahmet Davudo\u011flu Hoca hakk\u0131nda merak edilenler, Ahmed Davudo\u011flu anma programlar\u0131, Ahmed Davudo\u011flu kitaplar\u0131, Ahmed Davudo\u011flu kabri nerede? B\u00fct\u00fcn bu sorular\u0131n yan\u0131tlar\u0131n\u0131 bulaca\u011f\u0131n\u0131z ahmeddavudoglu.com sitesine ho\u015fgeldiniz. 7 Nisan 1983 y\u0131l\u0131nda kaybetti\u011fimiz Osmanl\u0131 Ulemas\u0131n\u0131n son temsilcilerinden, B\u00fcy\u00fck Fakih, \u0130sl\u00e2m M\u00fccahidi \u00dcstat Ahmed Davudo\u011flu Hocaefendi hakk\u0131nda yaz\u0131lar\u0131, Hoca&#8217;n\u0131n eserlerini, \u00e7ileli hayat hikayesini [&hellip;]<\/p>\n","protected":false},"author":1,"featured_media":0,"parent":0,"menu_order":0,"comment_status":"open","ping_status":"open","template":"","meta":[],"_links":{"self":[{"href":"http:\/\/www.ahmeddavudoglu.com\/index.php?rest_route=\/wp\/v2\/pages\/7"}],"collection":[{"href":"http:\/\/www.ahmeddavudoglu.com\/index.php?rest_route=\/wp\/v2\/pages"}],"about":[{"href":"http:\/\/www.ahmeddavudoglu.com\/index.php?rest_route=\/wp\/v2\/types\/page"}],"author":[{"embeddable":true,"href":"http:\/\/www.ahmeddavudoglu.com\/index.php?rest_route=\/wp\/v2\/users\/1"}],"replies":[{"embeddable":true,"href":"http:\/\/www.ahmeddavudoglu.com\/index.php?rest_route=%2Fwp%2Fv2%2Fcomments&post=7"}],"version-history":[{"count":2,"href":"http:\/\/www.ahmeddavudoglu.com\/index.php?rest_route=\/wp\/v2\/pages\/7\/revisions"}],"predecessor-version":[{"id":384,"href":"http:\/\/www.ahmeddavudoglu.com\/index.php?rest_route=\/wp\/v2\/pages\/7\/revisions\/384"}],"wp:attachment":[{"href":"http:\/\/www.ahmeddavudoglu.com\/index.php?rest_route=%2Fwp%2Fv2%2Fmedia&parent=7"}],"curies":[{"name":"wp","href":"https:\/\/api.w.org\/{rel}","templated":true}]}}