{"id":47,"date":"2013-06-14T09:03:14","date_gmt":"2013-06-14T09:03:14","guid":{"rendered":"http:\/\/ahmeddavudoglu.com\/?page_id=47"},"modified":"2013-06-14T09:03:14","modified_gmt":"2013-06-14T09:03:14","slug":"vasiyeti","status":"publish","type":"page","link":"http:\/\/www.ahmeddavudoglu.com\/?page_id=47","title":{"rendered":"VAS\u0130YET\u0130"},"content":{"rendered":"<p><strong>Her \u015feyden evvel iman\u0131n\u0131z\u0131 korumaya \u00e7al\u0131\u015f\u0131n\u0131z. Allah\u2019a iman bize bah\u015fedilen nimetlerin en b\u00fcy\u00fc\u011f\u00fcd\u00fcr. O \u00f6yle paha bi\u00e7ilmez bir p\u0131rlantad\u0131r ki; kazan\u0131lmas\u0131 kolay fakat muhafazas\u0131 son derece m\u00fc\u015fkildir. \u00c7\u00fcnk\u00fc insan ve cin \u015feytanlar\u0131ndan pek \u00e7ok d\u00fc\u015fmanlar\u0131 vard\u0131r. Bunlar gece g\u00fcnd\u00fcz iman\u0131 sizden \u00e7almak, sizi ondan ebediyen mahrum etmek isterler.<\/strong><br \/>\n<strong>\u015eunu hi\u00e7bir zaman unutmay\u0131n! Peygamber Efendimiz hazretlerinin bundan 14 as\u0131r evvel haber verdi\u011fi k\u0131yamet alametlerinin k\u00fc\u00e7\u00fckleri bu g\u00fcn tamamen zuhur etmi\u015ftir. Bundan sonra s\u0131ra b\u00fcy\u00fcklerindedir. \u015eimdi ergenlik \u00e7a\u011f\u0131na yeti\u015fen \u00e7ocuklar anne babalar\u0131n\u0131n g\u00f6zleri \u00f6n\u00fcnde Allah\u2019\u0131 inkar ediyor. D\u00fcnyadan imans\u0131z giden bu \u00e7ocuklar\u0131n yeri Cennet mi Cehennem mi? Anneler babalar bunun cevab\u0131n\u0131 vermek zorundalar. Kendimizden mesul oldu\u011fumuz gibi evlatlar\u0131m\u0131zdan da mesul\u00fcz. Hangi anne baba yavrusunun ate\u015fte yanmas\u0131na tahamm\u00fcl edebilir. \u0130lk vazifemiz, iman\u0131m\u0131z\u0131, \u00e7oluk \u00e7ocu\u011fumuzun iman\u0131n\u0131, temin ve muhafaza olmal\u0131d\u0131r. Ondan sonra onun icatlar\u0131n\u0131 birer birer yerine getirmeye gayret ediniz. M\u00fcsl\u00fcman, kulluk edece\u011fine Allah\u2019\u0131na s\u00f6z veren insand\u0131r. Bu s\u00f6z\u00fc verip de ona kulluk etmeyen yalan s\u00f6ylemi\u015f hilebazl\u0131k etmi\u015f olur ki kar\u015f\u0131l\u0131\u011f\u0131nda cezay\u0131 hak eder. \u00c7ocuklar\u0131n\u0131za dinlerini muhakkak \u00f6\u011fretin. \u0130badetlerini yerli yerince bilerek tatbik etsinler. Onlara \u0130slam adab ve terbiyesi \u00fczerine yeti\u015ftirin. Bu vazifeleriniz \u00e7ocuk d\u00fcnyaya geldikten itibaren ba\u015flar. Ve hayat\u0131n\u0131z boyunca devam eder. \u0130lk yapaca\u011f\u0131n\u0131z i\u015f ona bir m\u00fcsl\u00fcman ad\u0131 koymakt\u0131r. 5-6 ya\u015flar\u0131na girince namaza al\u0131\u015ft\u0131r\u0131n 10 ya\u015f\u0131na vard\u0131\u011f\u0131nda namaz k\u0131lmazsa onu hafif\u00e7e cezaland\u0131r\u0131n. Peygamber Efendimizin m\u00fcbarek emri budur. Kur\u2019an okumay\u0131 asla ihmal etmeyin. Zira Kur\u2019an m\u00fcsl\u00fcman\u0131n her \u015feyidir. Yedi\u011fimiz ve yedirdi\u011fimiz lokmalar\u0131n haram m\u0131 yoksa helal mi oldu\u011funa dikkat ediniz. Helale helal , harama haram deyin. \u00c7\u00fcnk\u00fc bunun aksini iddia k\u00fcf\u00fcrd\u00fcr.<\/strong><br \/>\n<strong>K\u0131z \u00e7ocuklar\u0131n\u0131n terbiyesine, tesett\u00fcr\u00fcne hususi \u00f6nem veriniz. K\u0131yamete yak\u0131n \u201cgiyinmi\u015f \u00e7\u0131plak\u201d kad\u0131nlar zuhur edece\u011fini Peygamber Efendimiz 14 as\u0131r \u00f6nce haber vermi\u015ftir. Bu g\u00fcn bu mucize aynen zuhur etmi\u015ftir. Avrupa taklit\u00e7ili\u011fi \u00e7ok tehlikeli bir hal alm\u0131\u015ft\u0131r. Bu g\u00fcn adette, giyimde vs. hususta k\u00fcffar\u0131 taklit moda olmu\u015ftur. M\u00fcsl\u00fcman bilnen bir \u00e7ok aileler Noel Baba, y\u0131lba\u015f\u0131 ve salon d\u00fc\u011f\u00fcn\u00fc gibi \u015feylerde gayri m\u00fcslimlerden a\u015fa\u011f\u0131 kalm\u0131yorlar. Halbuki Peygamber Efendimiz \u201cHer kim bir kavime benzerse o da onlardand\u0131r.\u201d buyurmu\u015flard\u0131r.<\/strong><br \/>\n<strong>Talebelerine vasiyeti<\/strong><br \/>\n<strong>Tedrisat s\u0131ralar\u0131nda talebeye yapt\u0131\u011f\u0131m tavsiyeleri burada da tekrarl\u0131yorum. Sak\u0131n Ehl-i S\u00fcnnet Vel Cemeat yolundan ayr\u0131lmas\u0131nlar. Zira bu takdirde hakk\u0131m\u0131 helal etmem.<\/strong><br \/>\n<strong>Talebeme ve di\u011fer din karde\u015flerime \u015fahsi vasiyetim \u015fudur ki: Hayat\u0131m da Cenab-\u0131 Haktan benim i\u00e7in h\u00fcsn\u00fc hatime, \u00f6l\u00fcm\u00fcmde de af ve ma\u011ffiret dilesinler beni hay\u0131r dua dan mahrum etmesinler . Vefat\u0131m\u0131 duyanlar cenaze namaz\u0131ma ko\u015fsunlar. Buralarda \u00f6l\u00fcrsem Hz. Ebu Eyy\u00fcb El Ensar\u00ee kabristan\u0131na defin olunmam\u0131 vasiyet ederim. Cenazemde bid\u2019atlere yer verilmemesini isterim. Varislerim imkan bulurlar da devrimi yapt\u0131r\u0131rlarsa memnun olurum. B\u00fct\u00fcn din karde\u015flerim ahiret haklar\u0131n\u0131 bana helal etsinler. Allah c\u00fcmlesinden r\u00e2z\u0131 olsun.<\/strong><\/p>\n<p><a href=\"http:\/\/ahmeddavudoglu.files.wordpress.com\/2013\/06\/img_20130401_080354.jpg\"><img loading=\"lazy\" class=\"aligncenter size-large wp-image-5\" alt=\"AHMED DAVUDO\u011eLU HOCA'NIN MEZARI\" src=\"http:\/\/ahmeddavudoglu.files.wordpress.com\/2013\/06\/img_20130401_080354.jpg?w=604\" width=\"604\" height=\"453\" \/><\/a><\/p>\n","protected":false},"excerpt":{"rendered":"<p>Her \u015feyden evvel iman\u0131n\u0131z\u0131 korumaya \u00e7al\u0131\u015f\u0131n\u0131z. Allah\u2019a iman bize bah\u015fedilen nimetlerin en b\u00fcy\u00fc\u011f\u00fcd\u00fcr. O \u00f6yle paha bi\u00e7ilmez bir p\u0131rlantad\u0131r ki; kazan\u0131lmas\u0131 kolay fakat muhafazas\u0131 son derece m\u00fc\u015fkildir. \u00c7\u00fcnk\u00fc insan ve cin \u015feytanlar\u0131ndan pek \u00e7ok d\u00fc\u015fmanlar\u0131 vard\u0131r. Bunlar gece g\u00fcnd\u00fcz iman\u0131 sizden \u00e7almak, sizi ondan ebediyen mahrum etmek isterler. \u015eunu hi\u00e7bir zaman unutmay\u0131n! Peygamber Efendimiz hazretlerinin [&hellip;]<\/p>\n","protected":false},"author":1,"featured_media":0,"parent":0,"menu_order":2,"comment_status":"open","ping_status":"open","template":"","meta":[],"_links":{"self":[{"href":"http:\/\/www.ahmeddavudoglu.com\/index.php?rest_route=\/wp\/v2\/pages\/47"}],"collection":[{"href":"http:\/\/www.ahmeddavudoglu.com\/index.php?rest_route=\/wp\/v2\/pages"}],"about":[{"href":"http:\/\/www.ahmeddavudoglu.com\/index.php?rest_route=\/wp\/v2\/types\/page"}],"author":[{"embeddable":true,"href":"http:\/\/www.ahmeddavudoglu.com\/index.php?rest_route=\/wp\/v2\/users\/1"}],"replies":[{"embeddable":true,"href":"http:\/\/www.ahmeddavudoglu.com\/index.php?rest_route=%2Fwp%2Fv2%2Fcomments&post=47"}],"version-history":[{"count":0,"href":"http:\/\/www.ahmeddavudoglu.com\/index.php?rest_route=\/wp\/v2\/pages\/47\/revisions"}],"wp:attachment":[{"href":"http:\/\/www.ahmeddavudoglu.com\/index.php?rest_route=%2Fwp%2Fv2%2Fmedia&parent=47"}],"curies":[{"name":"wp","href":"https:\/\/api.w.org\/{rel}","templated":true}]}}