{"id":43,"date":"2013-06-14T08:56:10","date_gmt":"2013-06-14T08:56:10","guid":{"rendered":"http:\/\/ahmeddavudoglu.com\/?page_id=43"},"modified":"2013-06-14T08:56:10","modified_gmt":"2013-06-14T08:56:10","slug":"eserleri","status":"publish","type":"page","link":"http:\/\/www.ahmeddavudoglu.com\/?page_id=43","title":{"rendered":"ESERLER\u0130"},"content":{"rendered":"<p><strong>\u00dcstat Ahmed Davudo\u011flu Hoca hayat\u0131 boyunca m\u00fcsl\u00fcmanlara yol g\u00f6sterecek, T\u00fcrkiye i\u00e7in \u00e7ok \u00f6nemli eserlere imza atm\u0131\u015ft\u0131r. \u0130sl\u00e2m alemine kazand\u0131rd\u0131\u011f\u0131 eserler \u00fcst \u00fcste konuldu\u011funda kendi boyunu a\u015fm\u0131\u015ft\u0131r. 36 cildi a\u015fk\u0131n eseri yazm\u0131\u015f, \u015ferh ya da terc\u00fcme etmi\u015ftir.<\/strong><\/p>\n<p><strong>Bu s\u0131rada \u00dcstad\u0131n yazmad\u0131\u011f\u0131 halde kendi ad\u0131na yaz\u0131lm\u0131\u015f gibi yay\u0131nlanan eserler de olmu\u015ftur. Bu konuda hukuki giri\u015fimler devam etmektedir. \u00dcstad\u0131n a\u015fa\u011f\u0131da yaz\u0131l\u0131 eserler haricinde kitab\u0131 yoktur.<\/strong><\/p>\n<p><strong>Eserleri\u00a0<\/strong><br \/>\n<strong><\/strong><\/p>\n<p><strong>\u2022Bulu\u011fu\u2019l-Meram (Selamet Yollar\u0131) Terc\u00fcmesi\u00a0<\/strong><br \/>\n<strong>\u2022Sahih-i M\u00fcsl\u00fcm Terc\u00fcme ve \u015ferhi\u00a0<\/strong><br \/>\n<strong>\u2022Mevk\u00fbf\u00e2t Terc\u00fcmesi\u00a0<\/strong><br \/>\n<strong>\u2022Redd\u00fc\u2019l-Muhtar (\u0130bn-i \u00c2bid\u00een) Terc\u00fcmesi\u00a0<\/strong><br \/>\n<strong>\u2022\u00d6l\u00fcm Daha G\u00fczeldi (Hat\u0131r\u00e2t\u0131)\u00a0<\/strong><br \/>\n<strong>\u2022Dini Tamir Davas\u0131nda Din Tahrip\u00e7ileri\u00a0<\/strong><br \/>\n<strong>\u2022Kur\u2019an-\u0131 Ker\u00eem Me\u00e2li<\/strong><\/p>\n<p><a href=\"http:\/\/ahmeddavudoglu.files.wordpress.com\/2013\/06\/536563_332117786910186_694956670_n.jpg\"><img loading=\"lazy\" class=\"aligncenter size-large wp-image-15\" alt=\"AHMED DAVUDO\u011eLU'NUN ESERLER\u0130.jpg\" src=\"http:\/\/ahmeddavudoglu.files.wordpress.com\/2013\/06\/536563_332117786910186_694956670_n.jpg?w=604\" width=\"604\" height=\"453\" \/><\/a><\/p>\n","protected":false},"excerpt":{"rendered":"<p>\u00dcstat Ahmed Davudo\u011flu Hoca hayat\u0131 boyunca m\u00fcsl\u00fcmanlara yol g\u00f6sterecek, T\u00fcrkiye i\u00e7in \u00e7ok \u00f6nemli eserlere imza atm\u0131\u015ft\u0131r. \u0130sl\u00e2m alemine kazand\u0131rd\u0131\u011f\u0131 eserler \u00fcst \u00fcste konuldu\u011funda kendi boyunu a\u015fm\u0131\u015ft\u0131r. 36 cildi a\u015fk\u0131n eseri yazm\u0131\u015f, \u015ferh ya da terc\u00fcme etmi\u015ftir. Bu s\u0131rada \u00dcstad\u0131n yazmad\u0131\u011f\u0131 halde kendi ad\u0131na yaz\u0131lm\u0131\u015f gibi yay\u0131nlanan eserler de olmu\u015ftur. Bu konuda hukuki giri\u015fimler devam etmektedir. [&hellip;]<\/p>\n","protected":false},"author":1,"featured_media":60,"parent":0,"menu_order":1,"comment_status":"open","ping_status":"open","template":"","meta":[],"_links":{"self":[{"href":"http:\/\/www.ahmeddavudoglu.com\/index.php?rest_route=\/wp\/v2\/pages\/43"}],"collection":[{"href":"http:\/\/www.ahmeddavudoglu.com\/index.php?rest_route=\/wp\/v2\/pages"}],"about":[{"href":"http:\/\/www.ahmeddavudoglu.com\/index.php?rest_route=\/wp\/v2\/types\/page"}],"author":[{"embeddable":true,"href":"http:\/\/www.ahmeddavudoglu.com\/index.php?rest_route=\/wp\/v2\/users\/1"}],"replies":[{"embeddable":true,"href":"http:\/\/www.ahmeddavudoglu.com\/index.php?rest_route=%2Fwp%2Fv2%2Fcomments&post=43"}],"version-history":[{"count":0,"href":"http:\/\/www.ahmeddavudoglu.com\/index.php?rest_route=\/wp\/v2\/pages\/43\/revisions"}],"wp:featuredmedia":[{"embeddable":true,"href":"http:\/\/www.ahmeddavudoglu.com\/index.php?rest_route=\/wp\/v2\/media\/60"}],"wp:attachment":[{"href":"http:\/\/www.ahmeddavudoglu.com\/index.php?rest_route=%2Fwp%2Fv2%2Fmedia&parent=43"}],"curies":[{"name":"wp","href":"https:\/\/api.w.org\/{rel}","templated":true}]}}