{"id":308,"date":"2014-02-03T13:38:51","date_gmt":"2014-02-03T13:38:51","guid":{"rendered":"http:\/\/ahmeddavudoglu.com\/?page_id=308"},"modified":"2014-02-03T13:38:51","modified_gmt":"2014-02-03T13:38:51","slug":"uluslararasi-ahmed-davudoglu-sempozyumu","status":"publish","type":"page","link":"http:\/\/www.ahmeddavudoglu.com\/?page_id=308","title":{"rendered":"ULUSLARARASI AHMED DAVUDO\u011eLU SEMPOZYUMU"},"content":{"rendered":"<p>7 Nisan 1983 y\u0131l\u0131nda kaybetti\u011fimiz Osmanl\u0131 Ulemas\u0131n\u0131n son temsilcilerinden, B\u00fcy\u00fck Fakih, \u0130sl\u00e2m M\u00fccahidi \u00dcstat Ahmed Davudo\u011flu Hocaefendi i\u00e7in \u00dcmraniye Belediyesi ile Marmara \u00dcniversitesi \u0130lahiyat Fak\u00fcltesi Bulgaristan&#8217;da sempozyum d\u00fczenledi.<\/p>\n<p><a href=\"http:\/\/www.ahmeddavudoglu.com\/wp-content\/uploads\/2014\/02\/1.jpg\"><img loading=\"lazy\" class=\"aligncenter size-large wp-image-309\" alt=\"1\" src=\"http:\/\/www.ahmeddavudoglu.com\/wp-content\/uploads\/2014\/02\/1.jpg?w=604\" width=\"604\" height=\"336\" srcset=\"http:\/\/www.ahmeddavudoglu.com\/wp-content\/uploads\/2014\/02\/1.jpg 852w, http:\/\/www.ahmeddavudoglu.com\/wp-content\/uploads\/2014\/02\/1-300x167.jpg 300w, http:\/\/www.ahmeddavudoglu.com\/wp-content\/uploads\/2014\/02\/1-768x428.jpg 768w\" sizes=\"(max-width: 604px) 100vw, 604px\" \/><\/a><\/p>\n<p>Bulgaristan&#8217;da do\u011fup d\u00fcnyaca tan\u0131nan bir din adam\u0131 haline gelen Davudo\u011flu Hoca ile ilgili konu\u015fmac\u0131lar d\u00fc\u015f\u00fcncelerini dinleyicilerle payla\u015ft\u0131. Sempozyumun a\u00e7\u0131l\u0131\u015f konu\u015fmas\u0131n\u0131 ise \u00dcmraniye Belediye Ba\u015fkan\u0131 Hasan Can yapt\u0131.<\/p>\n<p><a href=\"http:\/\/www.ahmeddavudoglu.com\/wp-content\/uploads\/2014\/02\/5.jpg\"><img loading=\"lazy\" class=\"aligncenter size-large wp-image-313\" alt=\"5\" src=\"http:\/\/www.ahmeddavudoglu.com\/wp-content\/uploads\/2014\/02\/5.jpg?w=604\" width=\"604\" height=\"341\" srcset=\"http:\/\/www.ahmeddavudoglu.com\/wp-content\/uploads\/2014\/02\/5.jpg 820w, http:\/\/www.ahmeddavudoglu.com\/wp-content\/uploads\/2014\/02\/5-300x169.jpg 300w, http:\/\/www.ahmeddavudoglu.com\/wp-content\/uploads\/2014\/02\/5-768x434.jpg 768w\" sizes=\"(max-width: 604px) 100vw, 604px\" \/><\/a><\/p>\n<p>Sempozyumda ayr\u0131ca Davudo\u011flu Hoca&#8217;n\u0131n damad\u0131 \u0130brahim Y\u0131ld\u0131z&#8217;da bir konu\u015fma yaparak program\u0131 d\u00fczenleyenlerle kat\u0131l\u0131mc\u0131lara ayr\u0131 ayr\u0131 te\u015fekk\u00fcr etti.<\/p>\n<p><a href=\"http:\/\/www.ahmeddavudoglu.com\/wp-content\/uploads\/2014\/02\/3.jpg\"><img loading=\"lazy\" class=\"aligncenter size-large wp-image-311\" alt=\"3\" src=\"http:\/\/www.ahmeddavudoglu.com\/wp-content\/uploads\/2014\/02\/3.jpg?w=604\" width=\"604\" height=\"326\" srcset=\"http:\/\/www.ahmeddavudoglu.com\/wp-content\/uploads\/2014\/02\/3.jpg 852w, http:\/\/www.ahmeddavudoglu.com\/wp-content\/uploads\/2014\/02\/3-300x162.jpg 300w, http:\/\/www.ahmeddavudoglu.com\/wp-content\/uploads\/2014\/02\/3-768x416.jpg 768w\" sizes=\"(max-width: 604px) 100vw, 604px\" \/><\/a><\/p>\n<p>Bulgaristan M\u00fcsl\u00fcmanlar\u0131 Ba\u015fm\u00fcft\u00fcs\u00fc Mustafa Ali\u015f Hac\u0131 da yollar\u0131na \u0131\u015f\u0131k tutan b\u00fcy\u00fck \u00c2lim Ahmed Davudo\u011flu&#8217;nun b\u00f6yle bir sempozyumla an\u0131lmas\u0131ndan duydu\u011fu mutlulu\u011fu ifade etti.<\/p>\n<p><a href=\"http:\/\/www.ahmeddavudoglu.com\/wp-content\/uploads\/2014\/02\/4.jpg\"><img loading=\"lazy\" class=\"aligncenter size-large wp-image-312\" alt=\"4\" src=\"http:\/\/www.ahmeddavudoglu.com\/wp-content\/uploads\/2014\/02\/4.jpg?w=604\" width=\"604\" height=\"327\" srcset=\"http:\/\/www.ahmeddavudoglu.com\/wp-content\/uploads\/2014\/02\/4.jpg 837w, http:\/\/www.ahmeddavudoglu.com\/wp-content\/uploads\/2014\/02\/4-300x163.jpg 300w, http:\/\/www.ahmeddavudoglu.com\/wp-content\/uploads\/2014\/02\/4-768x417.jpg 768w\" sizes=\"(max-width: 604px) 100vw, 604px\" \/><\/a><\/p>\n<p>Sempozyumda Ahmed Davudo\u011flu Hoca&#8217;n\u0131n ya\u015fam\u0131 ve eserleriyle ilgili bilgiler anlat\u0131ld\u0131.<\/p>\n<p>[youtube http:\/\/www.youtube.com\/watch?v=3c_CM1YzqpI&amp;w=853&amp;h=480]<\/p>\n","protected":false},"excerpt":{"rendered":"<p>7 Nisan 1983 y\u0131l\u0131nda kaybetti\u011fimiz Osmanl\u0131 Ulemas\u0131n\u0131n son temsilcilerinden, B\u00fcy\u00fck Fakih, \u0130sl\u00e2m M\u00fccahidi \u00dcstat Ahmed Davudo\u011flu Hocaefendi i\u00e7in \u00dcmraniye Belediyesi ile Marmara \u00dcniversitesi \u0130lahiyat Fak\u00fcltesi Bulgaristan&#8217;da sempozyum d\u00fczenledi. Bulgaristan&#8217;da do\u011fup d\u00fcnyaca tan\u0131nan bir din adam\u0131 haline gelen Davudo\u011flu Hoca ile ilgili konu\u015fmac\u0131lar d\u00fc\u015f\u00fcncelerini dinleyicilerle payla\u015ft\u0131. Sempozyumun a\u00e7\u0131l\u0131\u015f konu\u015fmas\u0131n\u0131 ise \u00dcmraniye Belediye Ba\u015fkan\u0131 Hasan Can yapt\u0131. [&hellip;]<\/p>\n","protected":false},"author":1,"featured_media":0,"parent":69,"menu_order":0,"comment_status":"open","ping_status":"open","template":"","meta":[],"_links":{"self":[{"href":"http:\/\/www.ahmeddavudoglu.com\/index.php?rest_route=\/wp\/v2\/pages\/308"}],"collection":[{"href":"http:\/\/www.ahmeddavudoglu.com\/index.php?rest_route=\/wp\/v2\/pages"}],"about":[{"href":"http:\/\/www.ahmeddavudoglu.com\/index.php?rest_route=\/wp\/v2\/types\/page"}],"author":[{"embeddable":true,"href":"http:\/\/www.ahmeddavudoglu.com\/index.php?rest_route=\/wp\/v2\/users\/1"}],"replies":[{"embeddable":true,"href":"http:\/\/www.ahmeddavudoglu.com\/index.php?rest_route=%2Fwp%2Fv2%2Fcomments&post=308"}],"version-history":[{"count":0,"href":"http:\/\/www.ahmeddavudoglu.com\/index.php?rest_route=\/wp\/v2\/pages\/308\/revisions"}],"up":[{"embeddable":true,"href":"http:\/\/www.ahmeddavudoglu.com\/index.php?rest_route=\/wp\/v2\/pages\/69"}],"wp:attachment":[{"href":"http:\/\/www.ahmeddavudoglu.com\/index.php?rest_route=%2Fwp%2Fv2%2Fmedia&parent=308"}],"curies":[{"name":"wp","href":"https:\/\/api.w.org\/{rel}","templated":true}]}}