{"id":202,"date":"2013-07-08T14:42:51","date_gmt":"2013-07-08T14:42:51","guid":{"rendered":"http:\/\/ahmeddavudoglu.com\/?page_id=202"},"modified":"2013-07-08T14:42:51","modified_gmt":"2013-07-08T14:42:51","slug":"m-emin-sarac-dua","status":"publish","type":"page","link":"http:\/\/www.ahmeddavudoglu.com\/?page_id=202","title":{"rendered":"M. Emin Sara\u00e7 Dua"},"content":{"rendered":"<p>Ahmed Davudo\u011flu Hoca i\u00e7in okunan hatimlerin duas\u0131n\u0131 Hocalar\u0131n Hocas\u0131 M. Emin Sara\u00e7 yapt\u0131. Konu\u015fmac\u0131lara plaket verilmesinin ard\u0131ndan anma program\u0131 sona erdi.<\/p>\n<p>&nbsp;<\/p>\n<p>&nbsp;<\/p>\n<p>[youtube=http:\/\/www.youtube.com\/watch?v=H4hKtrhdBM0&#038;w=853&#038;h=480]<\/p>\n","protected":false},"excerpt":{"rendered":"<p>Ahmed Davudo\u011flu Hoca i\u00e7in okunan hatimlerin duas\u0131n\u0131 Hocalar\u0131n Hocas\u0131 M. Emin Sara\u00e7 yapt\u0131. Konu\u015fmac\u0131lara plaket verilmesinin ard\u0131ndan anma program\u0131 sona erdi. &nbsp; &nbsp; [youtube=http:\/\/www.youtube.com\/watch?v=H4hKtrhdBM0&#038;w=853&#038;h=480]<\/p>\n","protected":false},"author":1,"featured_media":0,"parent":38,"menu_order":10,"comment_status":"open","ping_status":"open","template":"page-nosidebar.php","meta":[],"_links":{"self":[{"href":"http:\/\/www.ahmeddavudoglu.com\/index.php?rest_route=\/wp\/v2\/pages\/202"}],"collection":[{"href":"http:\/\/www.ahmeddavudoglu.com\/index.php?rest_route=\/wp\/v2\/pages"}],"about":[{"href":"http:\/\/www.ahmeddavudoglu.com\/index.php?rest_route=\/wp\/v2\/types\/page"}],"author":[{"embeddable":true,"href":"http:\/\/www.ahmeddavudoglu.com\/index.php?rest_route=\/wp\/v2\/users\/1"}],"replies":[{"embeddable":true,"href":"http:\/\/www.ahmeddavudoglu.com\/index.php?rest_route=%2Fwp%2Fv2%2Fcomments&post=202"}],"version-history":[{"count":0,"href":"http:\/\/www.ahmeddavudoglu.com\/index.php?rest_route=\/wp\/v2\/pages\/202\/revisions"}],"up":[{"embeddable":true,"href":"http:\/\/www.ahmeddavudoglu.com\/index.php?rest_route=\/wp\/v2\/pages\/38"}],"wp:attachment":[{"href":"http:\/\/www.ahmeddavudoglu.com\/index.php?rest_route=%2Fwp%2Fv2%2Fmedia&parent=202"}],"curies":[{"name":"wp","href":"https:\/\/api.w.org\/{rel}","templated":true}]}}