{"id":200,"date":"2013-07-08T14:34:16","date_gmt":"2013-07-08T14:34:16","guid":{"rendered":"http:\/\/ahmeddavudoglu.com\/?page_id=200"},"modified":"2013-07-08T14:34:16","modified_gmt":"2013-07-08T14:34:16","slug":"bekir-yildizin-konusmasi","status":"publish","type":"page","link":"http:\/\/www.ahmeddavudoglu.com\/?page_id=200","title":{"rendered":"Bekir Y\u0131ld\u0131z&#8217;\u0131n Konu\u015fmas\u0131"},"content":{"rendered":"<p>Programda Ahmed Davudo\u011flu Hoca&#8217;n\u0131n talebelerinden Bekir Y\u0131ld\u0131z da konu\u015ftu. Davudo\u011flu Hoca&#8217;n\u0131n ya\u015farken d\u00fcnya \u00e2lemini kalben terk etti\u011fini anlatt\u0131.<\/p>\n<p>&nbsp;<\/p>\n<p>&nbsp;<\/p>\n<p>[youtube=http:\/\/www.youtube.com\/watch?v=z4_eWO0N9eg&#038;w=853&#038;h=480]<\/p>\n","protected":false},"excerpt":{"rendered":"<p>Programda Ahmed Davudo\u011flu Hoca&#8217;n\u0131n talebelerinden Bekir Y\u0131ld\u0131z da konu\u015ftu. Davudo\u011flu Hoca&#8217;n\u0131n ya\u015farken d\u00fcnya \u00e2lemini kalben terk etti\u011fini anlatt\u0131. &nbsp; &nbsp; [youtube=http:\/\/www.youtube.com\/watch?v=z4_eWO0N9eg&#038;w=853&#038;h=480]<\/p>\n","protected":false},"author":1,"featured_media":0,"parent":38,"menu_order":9,"comment_status":"open","ping_status":"open","template":"page-nosidebar.php","meta":[],"_links":{"self":[{"href":"http:\/\/www.ahmeddavudoglu.com\/index.php?rest_route=\/wp\/v2\/pages\/200"}],"collection":[{"href":"http:\/\/www.ahmeddavudoglu.com\/index.php?rest_route=\/wp\/v2\/pages"}],"about":[{"href":"http:\/\/www.ahmeddavudoglu.com\/index.php?rest_route=\/wp\/v2\/types\/page"}],"author":[{"embeddable":true,"href":"http:\/\/www.ahmeddavudoglu.com\/index.php?rest_route=\/wp\/v2\/users\/1"}],"replies":[{"embeddable":true,"href":"http:\/\/www.ahmeddavudoglu.com\/index.php?rest_route=%2Fwp%2Fv2%2Fcomments&post=200"}],"version-history":[{"count":0,"href":"http:\/\/www.ahmeddavudoglu.com\/index.php?rest_route=\/wp\/v2\/pages\/200\/revisions"}],"up":[{"embeddable":true,"href":"http:\/\/www.ahmeddavudoglu.com\/index.php?rest_route=\/wp\/v2\/pages\/38"}],"wp:attachment":[{"href":"http:\/\/www.ahmeddavudoglu.com\/index.php?rest_route=%2Fwp%2Fv2%2Fmedia&parent=200"}],"curies":[{"name":"wp","href":"https:\/\/api.w.org\/{rel}","templated":true}]}}