{"id":197,"date":"2013-07-08T14:16:39","date_gmt":"2013-07-08T14:16:39","guid":{"rendered":"http:\/\/ahmeddavudoglu.com\/?page_id=197"},"modified":"2013-07-08T14:16:39","modified_gmt":"2013-07-08T14:16:39","slug":"prof-dr-osman-guner","status":"publish","type":"page","link":"http:\/\/www.ahmeddavudoglu.com\/?page_id=197","title":{"rendered":"PROF. DR. OSMAN G\u00dcNER"},"content":{"rendered":"<p>HOCANIN ESERLER\u0130N\u0130 \u0130LM\u0130 A\u00c7IDAN ARA\u015eTIRDILAR<br \/>\nSamsun19 May\u0131s \u00dcniversitesi \u00d6\u011fretim G\u00f6revlisi Prof. Dr. Osman G\u00fcner k\u00fclt\u00fcr\u00fcm\u00fczde \u201calimin alem olarak bilindi\u011fini\u201d ifade etti.<br \/>\n\u201c\u2026G\u00fcn\u00fcm\u00fczde \u00e7ok farkl\u0131 fikirlerin bizlere empoze edilmeye \u00e7al\u0131\u015f\u0131ld\u0131\u011f\u0131n\u0131 \u00fcz\u00fclerek g\u00f6r\u00fcyoruz. Bunun en \u00f6nemli nedeni olarak alimlere yeterli de\u011ferin verilmemesini g\u00f6sterebiliriz. Ahmed Davudo\u011flu Hoca\u2019m\u0131z savundu\u011fu fikrin \u00e7ilesini \u00e7ekmi\u015f, bedelini \u00f6demi\u015f bir insand\u0131r\u2026<\/p>\n<p>&nbsp;<\/p>\n<p>[youtube=http:\/\/www.youtube.com\/watch?v=MMbpwHwazkw&#038;w=853&#038;h=480]<\/p>\n<p>&nbsp;<\/p>\n<p>1960\u2019l\u0131 y\u0131llarda yazm\u0131\u015f oldu\u011fu Sahih-i M\u00fcslim adl\u0131 eserinin yeni bask\u0131s\u0131 baz\u0131 s\u0131k\u0131nt\u0131lardan dolay\u0131 yeni yap\u0131labildi. \u0130slam alemi uydurulmu\u015f hadislerden \u00e7ok yanl\u0131\u015f anla\u015f\u0131lan hadislerden daha \u00e7ok \u00e7ekmi\u015ftir. Biz hadis-i \u015ferifleri do\u011fru anlamak zorunday\u0131z. Bug\u00fcn insanlar ayetleri ortadan kald\u0131ram\u0131yorlar ama hadisleri \u00e7arp\u0131tmaya \u00e7al\u0131\u015f\u0131yorlar\u2026<\/p>\n<p>M\u00fcslim \u015ferhinde izlemi\u015f oldu\u011fu metodu a\u00e7\u0131s\u0131ndan y\u00fcksek ilim i\u00e7eren bir \u00e7al\u0131\u015fmad\u0131r. Rical a\u00e7\u0131klamas\u0131 yaparken 11 ayr\u0131 eserden yararland\u0131\u011f\u0131n\u0131 g\u00f6r\u00fcyoruz. Ayr\u0131ca ravilerin hayat\u0131n\u0131 da g\u00fcn y\u00fcz\u00fcne \u00e7\u0131karan bir yol izledi\u011fini g\u00f6r\u00fcyoruz. \u00d6zellikle kulland\u0131\u011f\u0131 3 eser g\u00f6ze \u00e7arp\u0131yor. 3 temel eseri \u00e7ok\u00e7a kulland\u0131\u011f\u0131n\u0131 bunlardan istifade etti\u011fini g\u00f6r\u00fcyoruz.<\/p>\n<p>Ahmed Davudo\u011flu Hocam\u0131zda bir ilim insan\u0131n\u0131n nas\u0131l m\u00fctevaz\u0131 bir ya\u015fant\u0131ya sahip oldu\u011funu da g\u00f6r\u00fcyoruz. Kitab\u0131n\u0131n \u00f6ns\u00f6z\u00fcnde bu eserleri yazmada kendisinin ne kadar yetersiz oldu\u011funu belirtti\u011fini, kendisinin vazifelendirildi\u011fi i\u00e7in bu eserleri yazmak zorunda oldu\u011funu belirtiyor.<\/p>\n<p>Alimlere olan sayg\u0131s\u0131ndan dolay\u0131 kendi g\u00f6r\u00fc\u015flerini a\u00e7\u0131klamak yerine b\u00fcy\u00fck alimlerin g\u00f6r\u00fc\u015flerine yer veriyor. Ahmed Davudo\u011flu Hocam\u0131z\u0131n Ehli S\u00fcnnetin \u0130slam\u0131 ya\u015fatacak yegane yol olarak g\u00f6rd\u00fc\u011f\u00fcn anl\u0131yoruz. \u0130lahiyat Fak\u00fcltelerinde okuyan \u00f6\u011frencilerin de bu eserleri okumas\u0131 gerekti\u011fini burada s\u00f6ylemek istiyoruz. Davudo\u011flu Hoca\u2019m\u0131z\u0131n eserleri bizler i\u00e7in ba\u015f tac\u0131 eserlerdir.<\/p>\n<p>Prof. Dr. \u00dcmit Ar\u0131n\u00e7, 19 May\u0131s \u00dcniversitesi\u2019nin yapt\u0131\u011f\u0131 \u00e7al\u0131\u015fman\u0131n en k\u0131sa s\u00fcrede kitapla\u015ft\u0131r\u0131lmas\u0131 gerekti\u011fini belirtti. Bu konuda \u00e7al\u0131\u015fmay\u0131 en k\u0131sa s\u00fcrede ba\u015flatacaklar\u0131n\u0131 ifade etti.<\/p>\n","protected":false},"excerpt":{"rendered":"<p>HOCANIN ESERLER\u0130N\u0130 \u0130LM\u0130 A\u00c7IDAN ARA\u015eTIRDILAR Samsun19 May\u0131s \u00dcniversitesi \u00d6\u011fretim G\u00f6revlisi Prof. Dr. Osman G\u00fcner k\u00fclt\u00fcr\u00fcm\u00fczde \u201calimin alem olarak bilindi\u011fini\u201d ifade etti. \u201c\u2026G\u00fcn\u00fcm\u00fczde \u00e7ok farkl\u0131 fikirlerin bizlere empoze edilmeye \u00e7al\u0131\u015f\u0131ld\u0131\u011f\u0131n\u0131 \u00fcz\u00fclerek g\u00f6r\u00fcyoruz. Bunun en \u00f6nemli nedeni olarak alimlere yeterli de\u011ferin verilmemesini g\u00f6sterebiliriz. Ahmed Davudo\u011flu Hoca\u2019m\u0131z savundu\u011fu fikrin \u00e7ilesini \u00e7ekmi\u015f, bedelini \u00f6demi\u015f bir insand\u0131r\u2026 &nbsp; [youtube=http:\/\/www.youtube.com\/watch?v=MMbpwHwazkw&#038;w=853&#038;h=480] &nbsp; [&hellip;]<\/p>\n","protected":false},"author":1,"featured_media":0,"parent":38,"menu_order":8,"comment_status":"open","ping_status":"open","template":"page-nosidebar.php","meta":[],"_links":{"self":[{"href":"http:\/\/www.ahmeddavudoglu.com\/index.php?rest_route=\/wp\/v2\/pages\/197"}],"collection":[{"href":"http:\/\/www.ahmeddavudoglu.com\/index.php?rest_route=\/wp\/v2\/pages"}],"about":[{"href":"http:\/\/www.ahmeddavudoglu.com\/index.php?rest_route=\/wp\/v2\/types\/page"}],"author":[{"embeddable":true,"href":"http:\/\/www.ahmeddavudoglu.com\/index.php?rest_route=\/wp\/v2\/users\/1"}],"replies":[{"embeddable":true,"href":"http:\/\/www.ahmeddavudoglu.com\/index.php?rest_route=%2Fwp%2Fv2%2Fcomments&post=197"}],"version-history":[{"count":0,"href":"http:\/\/www.ahmeddavudoglu.com\/index.php?rest_route=\/wp\/v2\/pages\/197\/revisions"}],"up":[{"embeddable":true,"href":"http:\/\/www.ahmeddavudoglu.com\/index.php?rest_route=\/wp\/v2\/pages\/38"}],"wp:attachment":[{"href":"http:\/\/www.ahmeddavudoglu.com\/index.php?rest_route=%2Fwp%2Fv2%2Fmedia&parent=197"}],"curies":[{"name":"wp","href":"https:\/\/api.w.org\/{rel}","templated":true}]}}