{"id":190,"date":"2013-07-08T13:37:34","date_gmt":"2013-07-08T13:37:34","guid":{"rendered":"http:\/\/ahmeddavudoglu.com\/?page_id=190"},"modified":"2013-07-08T13:37:34","modified_gmt":"2013-07-08T13:37:34","slug":"stk-onerisi","status":"publish","type":"page","link":"http:\/\/www.ahmeddavudoglu.com\/?page_id=190","title":{"rendered":"STK \u00d6NER\u0130S\u0130"},"content":{"rendered":"<div id=\"video_description\">\u0130BB BA\u015eKAN YARDIMCISI VE K\u00dcLT\u00dcR A.\u015e. Y\u00d6N. KUR. BA\u015eK. AHMET SELAMET AHMED DAVUDO\u011eLU \u0130\u00c7\u0130N YAPILACAK ORGAN\u0130ZASYONLARIN B\u0130R STK \u00c7ATISI ALTINDA D\u00dcZENLENMES\u0130N\u0130 \u00d6NERD\u0130. SELAMET GEREKL\u0130 YARDIMI YAPMAYA HAZIR OLDU\u011eUNU \u0130FADE ETT\u0130.<\/div>\n<div><\/div>\n<div><\/div>\n<div><\/div>\n<p>[youtube=http:\/\/www.youtube.com\/watch?v=ZcoQnKHPehk&amp;w=640&amp;h=480]<\/p>\n","protected":false},"excerpt":{"rendered":"<p>\u0130BB BA\u015eKAN YARDIMCISI VE K\u00dcLT\u00dcR A.\u015e. Y\u00d6N. KUR. BA\u015eK. AHMET SELAMET AHMED DAVUDO\u011eLU \u0130\u00c7\u0130N YAPILACAK ORGAN\u0130ZASYONLARIN B\u0130R STK \u00c7ATISI ALTINDA D\u00dcZENLENMES\u0130N\u0130 \u00d6NERD\u0130. SELAMET GEREKL\u0130 YARDIMI YAPMAYA HAZIR OLDU\u011eUNU \u0130FADE ETT\u0130. [youtube=http:\/\/www.youtube.com\/watch?v=ZcoQnKHPehk&amp;w=640&amp;h=480]<\/p>\n","protected":false},"author":1,"featured_media":0,"parent":38,"menu_order":6,"comment_status":"open","ping_status":"open","template":"page-nosidebar.php","meta":[],"_links":{"self":[{"href":"http:\/\/www.ahmeddavudoglu.com\/index.php?rest_route=\/wp\/v2\/pages\/190"}],"collection":[{"href":"http:\/\/www.ahmeddavudoglu.com\/index.php?rest_route=\/wp\/v2\/pages"}],"about":[{"href":"http:\/\/www.ahmeddavudoglu.com\/index.php?rest_route=\/wp\/v2\/types\/page"}],"author":[{"embeddable":true,"href":"http:\/\/www.ahmeddavudoglu.com\/index.php?rest_route=\/wp\/v2\/users\/1"}],"replies":[{"embeddable":true,"href":"http:\/\/www.ahmeddavudoglu.com\/index.php?rest_route=%2Fwp%2Fv2%2Fcomments&post=190"}],"version-history":[{"count":0,"href":"http:\/\/www.ahmeddavudoglu.com\/index.php?rest_route=\/wp\/v2\/pages\/190\/revisions"}],"up":[{"embeddable":true,"href":"http:\/\/www.ahmeddavudoglu.com\/index.php?rest_route=\/wp\/v2\/pages\/38"}],"wp:attachment":[{"href":"http:\/\/www.ahmeddavudoglu.com\/index.php?rest_route=%2Fwp%2Fv2%2Fmedia&parent=190"}],"curies":[{"name":"wp","href":"https:\/\/api.w.org\/{rel}","templated":true}]}}