{"id":182,"date":"2013-07-02T15:22:56","date_gmt":"2013-07-02T15:22:56","guid":{"rendered":"http:\/\/ahmeddavudoglu.com\/?page_id=182"},"modified":"2013-07-02T15:22:56","modified_gmt":"2013-07-02T15:22:56","slug":"prof-cevat-aksitin-konusmasi","status":"publish","type":"page","link":"http:\/\/www.ahmeddavudoglu.com\/?page_id=182","title":{"rendered":"Prof. Cevat Ak\u015fit&#8217;in Konu\u015fmas\u0131"},"content":{"rendered":"<p>[youtube http:\/\/www.youtube.com\/watch?v=SCDnStiJC04?feature=player_embedded&#038;w=640&#038;h=360]<\/p>\n<p>&nbsp;<\/p>\n<p>&nbsp;<\/p>\n<p>&#8220;HOCAMIZ KAYA G\u0130B\u0130 B\u0130R FAK\u0130HT\u0130&#8221;<br \/>\nProgram\u0131n moderat\u00f6rl\u00fc\u011f\u00fcn\u00fc Fatih Sultan Mehmet Vak\u0131f \u00dcniversitesi Rekt\u00f6r Yard\u0131mc\u0131s\u0131 Prof. Dr. \u00dcmit D. Ar\u0131n\u00e7&#8217;\u0131n yapt\u0131\u011f\u0131 anma program\u0131nda ilk s\u00f6z\u00fc Prof. Dr. Cevat Ak\u015fit ald\u0131. Ak\u015fit, \u0130sl\u00e2m aleminde \u00e7ok farkl\u0131 fikirlerin at oynatt\u0131\u011f\u0131na de\u011findi. &#8220;Memleketimizde 1000 y\u0131ld\u0131r bir itikat birli\u011fi vard\u0131r. Bu d\u0131\u015f \u00fclkelerde mevcut de\u011fil. Bunu da d\u0131\u015f g\u00fc\u00e7ler istismar ediyorlar&#8230;<\/p>\n<p>&#8230;G\u00fcn\u00fcm\u00fczde Tv&#8217;lerde her kafadan bir ses \u00e7\u0131k\u0131yor. De\u011fi\u015fik fikirleri empoze ediyorlar. Ger\u00e7ek gizleniyor. Saklan\u0131yor. Bu d\u00fc\u015f\u00fcnce tarz\u0131n\u0131 \u00e7ok tehlikeli buluyorum&#8230;<\/p>\n<p>&#8230;Hocam\u0131z kaya gibi sars\u0131lmaz bir Ehli s\u00fcnnet alimiydi. Bir Fakih idi. Bize de bu ruhu a\u015f\u0131lad\u0131. Ben kendisinin dersinde okudum. Arkada\u015flar \u0130mam-\u0131 Azam&#8217;\u0131n g\u00f6lgesine s\u0131\u011f\u0131nd\u0131k biz de bir \u015feyler yapal\u0131m diyordu. Onlar\u0131n a\u00e7t\u0131\u011f\u0131 yoldan neler geldi ge\u00e7ti&#8230; Hocam\u0131z bize kaya gibi sars\u0131lmaz bir iman ile ehli s\u00fcnnet itikat\u0131nda savunucusu olmay\u0131 \u00f6\u011fretmi\u015ftir. Biz de bu yolda Edirne lere s\u00fcr\u00fcld\u00fck. Ben Hocam\u0131z\u0131n izinden gidiyorum. Ehli S\u00fcnnet&#8217;in izinden gidiyorum.<\/p>\n<p>Kendisinden \u00f6zel ders alm\u0131\u015ft\u0131m. \u00d6l\u00fcm\u00fcnden 4 g\u00fcn evvel ziyaretine gittim. O zaman zor nefes al\u0131yordu. A\u011flad\u0131. &#8216;Nihayet Beni anlayan bir talebem kar\u015f\u0131mda Allah raz\u0131 olsun&#8217; dedi. Onu \u00e7ileden \u00e7\u0131karan arkada\u015flar\u0131m\u0131z halen bizlerle bile u\u011fra\u015f\u0131yorlar.&#8221; \u015eeklinde konu\u015ftu.<\/p>\n","protected":false},"excerpt":{"rendered":"<p>[youtube http:\/\/www.youtube.com\/watch?v=SCDnStiJC04?feature=player_embedded&#038;w=640&#038;h=360] &nbsp; &nbsp; &#8220;HOCAMIZ KAYA G\u0130B\u0130 B\u0130R FAK\u0130HT\u0130&#8221; Program\u0131n moderat\u00f6rl\u00fc\u011f\u00fcn\u00fc Fatih Sultan Mehmet Vak\u0131f \u00dcniversitesi Rekt\u00f6r Yard\u0131mc\u0131s\u0131 Prof. Dr. \u00dcmit D. Ar\u0131n\u00e7&#8217;\u0131n yapt\u0131\u011f\u0131 anma program\u0131nda ilk s\u00f6z\u00fc Prof. Dr. Cevat Ak\u015fit ald\u0131. Ak\u015fit, \u0130sl\u00e2m aleminde \u00e7ok farkl\u0131 fikirlerin at oynatt\u0131\u011f\u0131na de\u011findi. &#8220;Memleketimizde 1000 y\u0131ld\u0131r bir itikat birli\u011fi vard\u0131r. Bu d\u0131\u015f \u00fclkelerde mevcut de\u011fil. Bunu [&hellip;]<\/p>\n","protected":false},"author":1,"featured_media":0,"parent":38,"menu_order":3,"comment_status":"open","ping_status":"open","template":"page-nosidebar.php","meta":[],"_links":{"self":[{"href":"http:\/\/www.ahmeddavudoglu.com\/index.php?rest_route=\/wp\/v2\/pages\/182"}],"collection":[{"href":"http:\/\/www.ahmeddavudoglu.com\/index.php?rest_route=\/wp\/v2\/pages"}],"about":[{"href":"http:\/\/www.ahmeddavudoglu.com\/index.php?rest_route=\/wp\/v2\/types\/page"}],"author":[{"embeddable":true,"href":"http:\/\/www.ahmeddavudoglu.com\/index.php?rest_route=\/wp\/v2\/users\/1"}],"replies":[{"embeddable":true,"href":"http:\/\/www.ahmeddavudoglu.com\/index.php?rest_route=%2Fwp%2Fv2%2Fcomments&post=182"}],"version-history":[{"count":0,"href":"http:\/\/www.ahmeddavudoglu.com\/index.php?rest_route=\/wp\/v2\/pages\/182\/revisions"}],"up":[{"embeddable":true,"href":"http:\/\/www.ahmeddavudoglu.com\/index.php?rest_route=\/wp\/v2\/pages\/38"}],"wp:attachment":[{"href":"http:\/\/www.ahmeddavudoglu.com\/index.php?rest_route=%2Fwp%2Fv2%2Fmedia&parent=182"}],"curies":[{"name":"wp","href":"https:\/\/api.w.org\/{rel}","templated":true}]}}