{"id":179,"date":"2013-07-02T12:07:13","date_gmt":"2013-07-02T12:07:13","guid":{"rendered":"http:\/\/ahmeddavudoglu.com\/?page_id=179"},"modified":"2013-07-02T12:07:13","modified_gmt":"2013-07-02T12:07:13","slug":"acilis-konusmasi-biyografi","status":"publish","type":"page","link":"http:\/\/www.ahmeddavudoglu.com\/?page_id=179","title":{"rendered":"A\u00e7\u0131l\u0131\u015f Konu\u015fmas\u0131 &#8211; Biyografi"},"content":{"rendered":"<p>[youtube http:\/\/www.youtube.com\/watch?v=pyiNr9c-jUc?feature=player_embedded&#038;w=640&#038;h=360]<\/p>\n","protected":false},"excerpt":{"rendered":"<p>[youtube http:\/\/www.youtube.com\/watch?v=pyiNr9c-jUc?feature=player_embedded&#038;w=640&#038;h=360]<\/p>\n","protected":false},"author":1,"featured_media":0,"parent":38,"menu_order":2,"comment_status":"open","ping_status":"open","template":"page-nosidebar.php","meta":[],"_links":{"self":[{"href":"http:\/\/www.ahmeddavudoglu.com\/index.php?rest_route=\/wp\/v2\/pages\/179"}],"collection":[{"href":"http:\/\/www.ahmeddavudoglu.com\/index.php?rest_route=\/wp\/v2\/pages"}],"about":[{"href":"http:\/\/www.ahmeddavudoglu.com\/index.php?rest_route=\/wp\/v2\/types\/page"}],"author":[{"embeddable":true,"href":"http:\/\/www.ahmeddavudoglu.com\/index.php?rest_route=\/wp\/v2\/users\/1"}],"replies":[{"embeddable":true,"href":"http:\/\/www.ahmeddavudoglu.com\/index.php?rest_route=%2Fwp%2Fv2%2Fcomments&post=179"}],"version-history":[{"count":0,"href":"http:\/\/www.ahmeddavudoglu.com\/index.php?rest_route=\/wp\/v2\/pages\/179\/revisions"}],"up":[{"embeddable":true,"href":"http:\/\/www.ahmeddavudoglu.com\/index.php?rest_route=\/wp\/v2\/pages\/38"}],"wp:attachment":[{"href":"http:\/\/www.ahmeddavudoglu.com\/index.php?rest_route=%2Fwp%2Fv2%2Fmedia&parent=179"}],"curies":[{"name":"wp","href":"https:\/\/api.w.org\/{rel}","templated":true}]}}