{"id":170,"date":"2013-06-19T15:18:52","date_gmt":"2013-06-19T15:18:52","guid":{"rendered":"http:\/\/ahmeddavudoglu.com\/?page_id=170"},"modified":"2020-09-10T08:01:46","modified_gmt":"2020-09-10T08:01:46","slug":"din-tahripcileri","status":"publish","type":"page","link":"http:\/\/www.ahmeddavudoglu.com\/?page_id=170","title":{"rendered":"Din Tahrip\u00e7ileri"},"content":{"rendered":"<h2>G\u00dcN\u00dcM\u00dcZ\u00dcN seyrek ilim adamlar\u0131ndan ve ger\u00e7ek takva ve hu\u015fu sahibi oldu\u011funa \u015feh\u00e2det etti\u011fimiz, Y\u00fcksek \u0130sl\u00e2m Enstit\u00fcs\u00fc Eski M\u00fcd\u00fcr\u00fc Ahmed Davudo\u011flu&#8217;nun bu kitab\u0131, ilk defa hakk\u0131nda \u00abTakriz \u2014 \u00d6ns\u00f6z\u00bb yazd\u0131\u011f\u0131m bir eser&#8230; Eserin gerek mevzuu ve gerek o mevzua n\u00fcfuzudur ki, bana bu \u00f6ns\u00f6z \u015fevkini vermi\u015f bulunuyor.<\/h2>\n<h2>G\u00fcn\u00fcm\u00fczde \u0130sl\u00e2miyetin en b\u00fcy\u00fck bel\u00e2s\u0131, onu d\u0131\u015f\u0131ndan ve cepheden helak etmeye yeltenenler de\u011fil, i\u00e7inden ve \u00f6z\u00fcnden harap etmeye davrananlard\u0131r ve bu davran\u0131\u015flar\u0131n\u0131 bir nevi onarma, d\u00fczeltme ve yenileme sayanlar&#8230;<\/h2>\n<h2>\u00abReformcular\u00bb ismi alt\u0131nda toplad\u0131\u011f\u0131m\u0131z, 7-8 as\u0131r \u00f6ncesindeki kuru ve nasipsiz ak\u0131l borazan\u0131na (\u0130bn-i Teymiyye) miza\u00e7lar\u0131 dayal\u0131 bir grup, birka\u00e7 as\u0131r sonra vehh\u00e2b\u00eelikten dola\u015farak, nihayet Cemaleddin Afgan\u00ee, M\u0131s\u0131rl\u0131 \u015eeyh Abduh ve pe\u015findekilerden bir b\u00f6l\u00fck h\u00e2linde \u00f6yle bir anlay\u0131\u015f veya anlay\u0131\u015fs\u0131zl\u0131k batakl\u0131\u011f\u0131na u\u011fram\u0131\u015ft\u0131r ki, \u0130sl\u00e2m\u0131, \u00e7\u00f6kmek \u00fczere bir binaya yap\u0131ld\u0131\u011f\u0131 gibi, d\u0131\u015f\u0131ndan payandalar ve kalaslarla tutmay\u0131 marifet bilmi\u015f, b\u00f6ylece ruhlar\u0131ndaki gizli \u015f\u00fcpheyi ve \u0130slama g\u00fcvensizlik duygusunu a\u00e7\u0131\u011fa vurmu\u015ftur.<\/h2>\n<h2>H\u00e2lbuki \u0130sl\u00e2m, d\u0131\u015f\u0131ndan payandalar ve kalaslarla y\u0131k\u0131lmaktan korunacak bir bina de\u011fil, Allah&#8217;\u0131n ezel\u00ee ve ebed\u00ee yap\u0131s\u0131 olarak, as\u0131rlar boyunca \u00fczerine kondurulan k\u00fcf, pas, p\u00fcr\u00fcz ve lekelerden temizlenip, oldu\u011fu gibi, b\u00fct\u00fcn asliyet ve saffetiyle meydana \u00e7\u0131kar\u0131lmas\u0131 l\u00e2z\u0131m, sonsuzluk saray\u0131&#8230;<\/h2>\n<h2>\u0130\u00e7ten k\u0131rmak, eksiltmek, yontmak ve d\u0131\u015ftan yap\u0131\u015ft\u0131rmak, eklemek, yamamak&#8230; \u0130\u015fte, bug\u00fcnk\u00fc var\u0131\u015f noktalariyle, olanca tabiyeleri, reformcular\u0131n!..<br \/>\nMehmed Akif&#8217;in \u2014 heyhat ki, o da kendini reformculara kapt\u0131ranlardand\u0131r \u2014 sand\u0131\u011f\u0131 gibi:<br \/>\n\u00abAsr\u0131n idr\u00e2kine s\u00f6yletmeliyiz \u0130sl\u00e2m\u0131&#8230;\u00bb<br \/>\nde\u011fil de, yine ayn\u0131 vezinle:<br \/>\n\u00ab\u0130sl\u00e2m idr\u00e2kine s\u00f6yletmeliyiz asr\u0131m\u0131z\u0131&#8230;\u00bb<\/h2>\n<h2>Bu gam\u0131zay\u0131, bu n\u00fckteyi, bu s\u0131rr\u0131, bu inceli\u011fi, bilhassa yeni nesillere, yeni gen\u00e7li\u011fe sindirdi\u011fimiz g\u00fcn do\u011facak olan b\u00fcy\u00fck d\u00fc\u015f\u00fcnce adam\u0131d\u0131r ki, asr\u0131m\u0131z\u0131n ger\u00e7ek kahraman\u0131 olacak; veya k\u00fcf\u00fcr, yahut k\u00fcf\u00fcrden beter bir dal\u00e2let anlay\u0131\u015fiyle s\u00f6zde \u00eeman ad\u0131na \u00e7al\u0131\u015fm\u0131\u015f sahte kahramanlardan ortal\u0131\u011f\u0131 temizleyecektir.<br \/>\nTemenni edelim ki, bu eser, o d\u00fc\u015f\u00fcnce adam\u0131na yol g\u00f6sterici ve malzeme verici ilk te\u015fhis ve tespitlerden biri olsun ve b\u00fcy\u00fck zuhura basamak te\u015fkil etsin&#8230;<\/h2>\n<h2>NEC\u0130P FAZIL KISAK\u00dcREK<\/h2>\n<h2><\/h2>\n<h2><a href=\"http:\/\/www.ahmeddavudoglu.com\/wp-content\/uploads\/2013\/06\/541625_221852904603342_195988100_n.jpg\"><img loading=\"lazy\" class=\"aligncenter size-full wp-image-172\" src=\"http:\/\/www.ahmeddavudoglu.com\/wp-content\/uploads\/2013\/06\/541625_221852904603342_195988100_n.jpg\" alt=\"541625_221852904603342_195988100_n\" width=\"259\" height=\"194\" \/><\/a><\/h2>\n<h2><\/h2>\n","protected":false},"excerpt":{"rendered":"<p>G\u00dcN\u00dcM\u00dcZ\u00dcN seyrek ilim adamlar\u0131ndan ve ger\u00e7ek takva ve hu\u015fu sahibi oldu\u011funa \u015feh\u00e2det etti\u011fimiz, Y\u00fcksek \u0130sl\u00e2m Enstit\u00fcs\u00fc Eski M\u00fcd\u00fcr\u00fc Ahmed Davudo\u011flu&#8217;nun bu kitab\u0131, ilk defa hakk\u0131nda \u00abTakriz \u2014 \u00d6ns\u00f6z\u00bb yazd\u0131\u011f\u0131m bir eser&#8230; Eserin gerek mevzuu ve gerek o mevzua n\u00fcfuzudur ki, bana bu \u00f6ns\u00f6z \u015fevkini vermi\u015f bulunuyor. G\u00fcn\u00fcm\u00fczde \u0130sl\u00e2miyetin en b\u00fcy\u00fck bel\u00e2s\u0131, onu d\u0131\u015f\u0131ndan ve cepheden [&hellip;]<\/p>\n","protected":false},"author":1,"featured_media":0,"parent":43,"menu_order":7,"comment_status":"open","ping_status":"open","template":"page-nosidebar.php","meta":[],"_links":{"self":[{"href":"http:\/\/www.ahmeddavudoglu.com\/index.php?rest_route=\/wp\/v2\/pages\/170"}],"collection":[{"href":"http:\/\/www.ahmeddavudoglu.com\/index.php?rest_route=\/wp\/v2\/pages"}],"about":[{"href":"http:\/\/www.ahmeddavudoglu.com\/index.php?rest_route=\/wp\/v2\/types\/page"}],"author":[{"embeddable":true,"href":"http:\/\/www.ahmeddavudoglu.com\/index.php?rest_route=\/wp\/v2\/users\/1"}],"replies":[{"embeddable":true,"href":"http:\/\/www.ahmeddavudoglu.com\/index.php?rest_route=%2Fwp%2Fv2%2Fcomments&post=170"}],"version-history":[{"count":2,"href":"http:\/\/www.ahmeddavudoglu.com\/index.php?rest_route=\/wp\/v2\/pages\/170\/revisions"}],"predecessor-version":[{"id":395,"href":"http:\/\/www.ahmeddavudoglu.com\/index.php?rest_route=\/wp\/v2\/pages\/170\/revisions\/395"}],"up":[{"embeddable":true,"href":"http:\/\/www.ahmeddavudoglu.com\/index.php?rest_route=\/wp\/v2\/pages\/43"}],"wp:attachment":[{"href":"http:\/\/www.ahmeddavudoglu.com\/index.php?rest_route=%2Fwp%2Fv2%2Fmedia&parent=170"}],"curies":[{"name":"wp","href":"https:\/\/api.w.org\/{rel}","templated":true}]}}