{"id":160,"date":"2013-06-19T14:55:51","date_gmt":"2013-06-19T14:55:51","guid":{"rendered":"http:\/\/ahmeddavudoglu.com\/?page_id=160"},"modified":"2020-09-10T08:00:39","modified_gmt":"2020-09-10T08:00:39","slug":"olum-daha-guzeldi","status":"publish","type":"page","link":"http:\/\/www.ahmeddavudoglu.com\/?page_id=160","title":{"rendered":"\u00d6l\u00fcm Daha G\u00fczeldi"},"content":{"rendered":"<h3>&#8220;Kollar\u0131m\u0131 o kal\u0131n sicimle arkama kat kat ba\u011flad\u0131. Ba\u015f\u0131ma da bir maske ge\u00e7irdi. Maskenin hava al\u0131p vermeye yarayan bir hortumu vard\u0131. Maske ba\u015f\u0131ma ge\u00e7irilince d\u00fcnyay\u0131 iki g\u00f6zl\u00fckten g\u00f6rmeye ve hortumdan gelen ho\u015f bir havay\u0131 teneff\u00fcs etmeye ba\u015flad\u0131m. Tam bu s\u0131rada birden ate\u015f d\u00fc\u015fm\u00fc\u015f gibi bir hal oldu.Te\u011fmen elektrik cereyan\u0131n\u0131 salm\u0131\u015ft\u0131. Kafam\u0131n mor alevler i\u00e7inde cay\u0131r cay\u0131r yanmakta oldu\u011funu hissediyordum. Sade kafam de\u011fil, b\u00fct\u00fcn v\u00fccudum yan\u0131yor! Di\u015flerim birbirine \u00e7arpt\u0131k\u00e7a feryad-\u00fc figan\u0131m ayyuka \u00e7\u0131k\u0131yordu. \u0130nsafs\u0131z kefere zerre kadar vicdan azab\u0131 duymadan beni diri diri yak\u0131yordu&#8230;. &#8220;<\/h3>\n<p><a href=\"http:\/\/www.ahmeddavudoglu.com\/wp-content\/uploads\/2013\/06\/akdsc4b1z.jpg\"><img loading=\"lazy\" class=\"aligncenter size-full wp-image-163\" src=\"http:\/\/www.ahmeddavudoglu.com\/wp-content\/uploads\/2013\/06\/akdsc4b1z.jpg\" alt=\"Akds\u0131z\" width=\"515\" height=\"781\" srcset=\"http:\/\/www.ahmeddavudoglu.com\/wp-content\/uploads\/2013\/06\/akdsc4b1z.jpg 515w, http:\/\/www.ahmeddavudoglu.com\/wp-content\/uploads\/2013\/06\/akdsc4b1z-198x300.jpg 198w\" sizes=\"(max-width: 515px) 100vw, 515px\" \/><\/a><\/p>\n<h4><strong>Bulgaristan\u2019\u0131n pehlivanlar\u0131yla me\u015fhur b\u00f6lgesi Deliorman&#8230;\u00a0<\/strong><\/h4>\n<h4><strong>Konu\u015fmaya ba\u015flad\u0131\u011f\u0131nda ilk \u00f6\u011frendi\u011fi \u015fey; Ezan-\u0131 Muhammedi, salev\u00e2t dualar\u0131, birka\u00e7 k\u00fc\u00e7\u00fck sure&#8230; <\/strong><\/h4>\n<h4><strong>Hayat O&#8217;na \u00e7ok farkl\u0131 imkanlar sundu\u011fu gibi insan\u0131n dayanamayaca\u011f\u0131 t\u00fcrl\u00fc i\u015fkenceleri de tatt\u0131rd\u0131.<\/strong><\/h4>\n<h4><a href=\"https:\/\/vimeo.com\/43395044\">https:\/\/vimeo.com\/43395044<\/a><\/h4>\n<h4><\/h4>\n<h4><strong>Ba\u015far\u0131l\u0131 ge\u00e7en bir \u00f6\u011frencilik ve sonunda M\u0131s\u0131r\u2019da ta\u00e7land\u0131r\u0131lan e\u011fitim&#8230;<\/strong><\/h4>\n<h4><strong>Bulgaristan T\u00fcrkler&#8217;inin dinlerini \u00f6\u011frenmesi i\u00e7in ba\u015flatt\u0131\u011f\u0131 seferberlik. N\u00fcvap Medresesi\u2019nin tozlu s\u0131n\u0131flar\u0131nda ge\u00e7en y\u0131llar&#8230; \u00a0<\/strong><\/h4>\n<h4><strong>\u00a0Rus K\u0131z\u0131l Ordusunun Bulgaristan\u2019\u0131 i\u015fgal etmesi sonras\u0131nda deh\u015fet y\u0131llar\u0131 ba\u015flar. <\/strong><\/h4>\n<h4><strong>Kom\u00fcnist y\u00f6netimin T\u00fcrkiye lehine casusluk su\u00e7lamas\u0131yla tutuklayarak askeri mahkemede yapt\u0131\u011f\u0131 kanunsuz yarg\u0131lama&#8230;<\/strong><\/h4>\n<h4><strong>K\u0131z\u0131l Rus i\u015fgali alt\u0131ndaki Bulgar zindanlar\u0131nda \u00e7ok a\u011f\u0131r i\u015fkenceler&#8230; <\/strong><\/h4>\n<h4><strong>S\u0131rf M\u00fcsl\u00fcman oldu\u011fu i\u00e7in, \u0130slam\u2019\u0131 ya\u015fama ve ya\u015fatma azmi ve gayreti i\u00e7erisinde oldu\u011fu i\u00e7in a\u011f\u0131r i\u015fkencelere, b\u00fcy\u00fck zulme maruz b\u0131rak\u0131lmak&#8230; <\/strong><\/h4>\n<h4><strong>Ama metanetini hi\u00e7bir zaman kaybetmemek&#8230;<\/strong><\/h4>\n<h4><strong>T\u00fcrkiye\u2019ye ba\u015far\u0131s\u0131z ka\u00e7ma denemesi&#8230;<\/strong><\/h4>\n<h4><strong>E\u015fi ve \u00e7ocuklar\u0131yla T\u00fcrkiye\u2019ye g\u00f6\u00e7&#8230;<\/strong><\/h4>\n<p><a href=\"http:\/\/www.ahmeddavudoglu.com\/wp-content\/uploads\/2013\/06\/427005_143136109141689_1780957805_n.jpg\"><img loading=\"lazy\" class=\"aligncenter size-large wp-image-162\" src=\"http:\/\/www.ahmeddavudoglu.com\/wp-content\/uploads\/2013\/06\/427005_143136109141689_1780957805_n.jpg?w=604\" alt=\"427005_143136109141689_1780957805_n\" width=\"604\" height=\"805\" srcset=\"http:\/\/www.ahmeddavudoglu.com\/wp-content\/uploads\/2013\/06\/427005_143136109141689_1780957805_n.jpg 720w, http:\/\/www.ahmeddavudoglu.com\/wp-content\/uploads\/2013\/06\/427005_143136109141689_1780957805_n-225x300.jpg 225w\" sizes=\"(max-width: 604px) 100vw, 604px\" \/><\/a><\/p>\n<h5><strong>Macera bitmiyor&#8230;<\/strong><\/h5>\n<h5><strong>T\u00fcrkiye&#8217;de \u0130mam-Hatip Okulu\u2019nun kurulmas\u0131na destek&#8230;. <\/strong><\/h5>\n<h5><strong><em>Y\u00fcksek \u0130slam Enstit\u00fcs\u00fc\u2019n\u00fcn kurulu\u015funda verilen b\u00fcy\u00fck m\u00fccadele&#8230; <\/em><\/strong><\/h5>\n<h5><strong>12 Mart muht\u0131ras\u0131 sonras\u0131nda Anavatan&#8217;da tekrar hapis&#8230;<\/strong><\/h5>\n<h5><strong>\u00d6l\u00fcm Daha G\u00fczeldi &#8211; Ahmed DAVUDO\u011eLU<\/strong><\/h5>\n<p><a href=\"http:\/\/www.ahmeddavudoglu.com\/wp-content\/uploads\/2013\/06\/387984_338362309619067_855477966_n.jpg\"><img loading=\"lazy\" class=\"aligncenter size-large wp-image-161\" src=\"http:\/\/www.ahmeddavudoglu.com\/wp-content\/uploads\/2013\/06\/387984_338362309619067_855477966_n.jpg?w=604\" alt=\"387984_338362309619067_855477966_n\" width=\"604\" height=\"568\" srcset=\"http:\/\/www.ahmeddavudoglu.com\/wp-content\/uploads\/2013\/06\/387984_338362309619067_855477966_n.jpg 960w, http:\/\/www.ahmeddavudoglu.com\/wp-content\/uploads\/2013\/06\/387984_338362309619067_855477966_n-300x283.jpg 300w, http:\/\/www.ahmeddavudoglu.com\/wp-content\/uploads\/2013\/06\/387984_338362309619067_855477966_n-768x723.jpg 768w\" sizes=\"(max-width: 604px) 100vw, 604px\" \/><\/a><\/p>\n","protected":false},"excerpt":{"rendered":"<p>&#8220;Kollar\u0131m\u0131 o kal\u0131n sicimle arkama kat kat ba\u011flad\u0131. Ba\u015f\u0131ma da bir maske ge\u00e7irdi. Maskenin hava al\u0131p vermeye yarayan bir hortumu vard\u0131. Maske ba\u015f\u0131ma ge\u00e7irilince d\u00fcnyay\u0131 iki g\u00f6zl\u00fckten g\u00f6rmeye ve hortumdan gelen ho\u015f bir havay\u0131 teneff\u00fcs etmeye ba\u015flad\u0131m. Tam bu s\u0131rada birden ate\u015f d\u00fc\u015fm\u00fc\u015f gibi bir hal oldu.Te\u011fmen elektrik cereyan\u0131n\u0131 salm\u0131\u015ft\u0131. Kafam\u0131n mor alevler i\u00e7inde cay\u0131r [&hellip;]<\/p>\n","protected":false},"author":1,"featured_media":0,"parent":43,"menu_order":5,"comment_status":"open","ping_status":"open","template":"page-nosidebar.php","meta":[],"_links":{"self":[{"href":"http:\/\/www.ahmeddavudoglu.com\/index.php?rest_route=\/wp\/v2\/pages\/160"}],"collection":[{"href":"http:\/\/www.ahmeddavudoglu.com\/index.php?rest_route=\/wp\/v2\/pages"}],"about":[{"href":"http:\/\/www.ahmeddavudoglu.com\/index.php?rest_route=\/wp\/v2\/types\/page"}],"author":[{"embeddable":true,"href":"http:\/\/www.ahmeddavudoglu.com\/index.php?rest_route=\/wp\/v2\/users\/1"}],"replies":[{"embeddable":true,"href":"http:\/\/www.ahmeddavudoglu.com\/index.php?rest_route=%2Fwp%2Fv2%2Fcomments&post=160"}],"version-history":[{"count":2,"href":"http:\/\/www.ahmeddavudoglu.com\/index.php?rest_route=\/wp\/v2\/pages\/160\/revisions"}],"predecessor-version":[{"id":394,"href":"http:\/\/www.ahmeddavudoglu.com\/index.php?rest_route=\/wp\/v2\/pages\/160\/revisions\/394"}],"up":[{"embeddable":true,"href":"http:\/\/www.ahmeddavudoglu.com\/index.php?rest_route=\/wp\/v2\/pages\/43"}],"wp:attachment":[{"href":"http:\/\/www.ahmeddavudoglu.com\/index.php?rest_route=%2Fwp%2Fv2%2Fmedia&parent=160"}],"curies":[{"name":"wp","href":"https:\/\/api.w.org\/{rel}","templated":true}]}}