{"id":136,"date":"2013-06-19T13:13:10","date_gmt":"2013-06-19T13:13:10","guid":{"rendered":"http:\/\/ahmeddavudoglu.com\/?page_id=136"},"modified":"2020-09-09T15:28:33","modified_gmt":"2020-09-09T15:28:33","slug":"136-2","status":"publish","type":"page","link":"http:\/\/www.ahmeddavudoglu.com\/?page_id=136","title":{"rendered":"Selamet Yollar\u0131"},"content":{"rendered":"<p>\u00dcstat Ahmed Davudo\u011flu Hoca&#8217;n\u0131n &#8220;<strong>unutturulmaya \u00e7al\u0131\u015f\u0131lan eseri<\/strong>&#8221; Selamet Yollar\u0131 yeniden bas\u0131ld\u0131.<\/p>\n<p>Her M\u00fcsl\u00fcman i\u00e7in bir ba\u015f ucu eseri olan klasikler aras\u0131na girmi\u015f Selamet Yollar\u0131 adl\u0131 eser T\u00fcrkiye&#8217;de yanl\u0131\u015f ellere ge\u00e7meden gerekli \u015ferhler yaz\u0131larak \u0130slam aleminin hizmetine sunuldu.<\/p>\n<p>Peygamber Efendimiz S.A.V&#8217;in sahih hadislerinin bir araya topland\u0131\u011f\u0131 ve farkl\u0131 mezheplere g\u00f6re nas\u0131l uyguland\u0131\u011f\u0131n\u0131n a\u00e7\u0131kland\u0131\u011f\u0131 e\u015fsiz bir eser olan Selamet Yollar\u0131 yeniden bas\u0131ld\u0131.<\/p>\n<p><span style=\"font-family: Arial;\"><strong><em>Bu kitap aradan ge\u00e7en bunca y\u0131la ra\u011fmen halen ilim \u00f6\u011frenmek isteyen M\u00fcsl\u00fcmanlar\u0131n ba\u015fucu eserlerinin ba\u015f\u0131nda geliyor.<\/em><\/strong><br \/>\n<\/span><\/p>\n<p><a href=\"http:\/\/www.ahmeddavudoglu.com\/wp-content\/uploads\/2013\/06\/415412_137371359718164_1336603043_o.jpg\"><img loading=\"lazy\" class=\"aligncenter size-large wp-image-139\" src=\"http:\/\/www.ahmeddavudoglu.com\/wp-content\/uploads\/2013\/06\/415412_137371359718164_1336603043_o.jpg?w=604\" alt=\"415412_137371359718164_1336603043_o\" width=\"604\" height=\"399\" srcset=\"http:\/\/www.ahmeddavudoglu.com\/wp-content\/uploads\/2013\/06\/415412_137371359718164_1336603043_o.jpg 2048w, http:\/\/www.ahmeddavudoglu.com\/wp-content\/uploads\/2013\/06\/415412_137371359718164_1336603043_o-300x198.jpg 300w, http:\/\/www.ahmeddavudoglu.com\/wp-content\/uploads\/2013\/06\/415412_137371359718164_1336603043_o-1024x678.jpg 1024w, http:\/\/www.ahmeddavudoglu.com\/wp-content\/uploads\/2013\/06\/415412_137371359718164_1336603043_o-768x508.jpg 768w, http:\/\/www.ahmeddavudoglu.com\/wp-content\/uploads\/2013\/06\/415412_137371359718164_1336603043_o-1536x1016.jpg 1536w, http:\/\/www.ahmeddavudoglu.com\/wp-content\/uploads\/2013\/06\/415412_137371359718164_1336603043_o-1200x794.jpg 1200w, http:\/\/www.ahmeddavudoglu.com\/wp-content\/uploads\/2013\/06\/415412_137371359718164_1336603043_o-1980x1310.jpg 1980w\" sizes=\"(max-width: 604px) 100vw, 604px\" \/><\/a><\/p>\n<p>Y\u0131l 1965\u2026 Kaynak kitaplar\u0131 bir arada toplamak isteyen M\u00fcsl\u00fcmanlar Davudo\u011flu Hoca\u2019ya geliyor\u2026 Ve El-Ezher \u015eeriat Fak\u00fcltesinde ders kitab\u0131 olarak okutulan \u0130smail Sanani\u2019nin \u201cBulu\u011f-ul Meram, S\u00fbb\u00fbl-\u00fcs Sel\u00e2m\u201d adl\u0131 eserini kendisinin dilimize \u00e7evirmesi gerekti\u011fini s\u00f6yl\u00fcyor.<\/p>\n<p><strong>\u0130smail Sanani \u00f6nemli bir eser yazm\u0131\u015f olmas\u0131na ra\u011fmen kendisi tart\u0131\u015fmal\u0131 bir ki\u015fi\u2026 <\/strong><\/p>\n<p>Mezhepleri kabul etmeyip kendi fetvalar\u0131yla hareket etmeye \u00e7al\u0131\u015f\u0131yor. Ve kitab\u0131n\u0131n baz\u0131 b\u00f6l\u00fcmlerine de Ehl-i S\u00fcnnet\u2019e uygun olmayan fikirlerini gizliyor.<\/p>\n<p>Kitab\u0131 okudu\u011funuzda hemen anlam\u0131yorsunuz ama sat\u0131r aralar\u0131nda yanl\u0131\u015f, do\u011fru gibi g\u00f6steriliyor. Ama bunun yan\u0131nda\u00a0<strong><em>Hadis ilmiyle u\u011fra\u015fanlar i\u00e7in de kaynak eser niteli\u011fi ta\u015f\u0131yor.<\/em><\/strong>\u00a0\u0130\u00e7indeki Hadis-i \u015eerif\u2019ler ak\u0131c\u0131 bir dille nakledilmi\u015f.<\/p>\n<p>\u0130\u015fte b\u00f6yle bir eserin T\u00fcrk\u00e7e\u2019ye \u00e7evrilmesi bir kat daha \u00f6nem kazan\u0131yor.\u00a0<strong><em>E\u011fer emin ellerden ge\u00e7mezse y\u0131llar sonra bile sat\u0131r aralar\u0131ndaki h\u00fck\u00fcmler M\u00fcsl\u00fcmanlar\u0131 etkileyebilir.\u00a0<\/em><\/strong>Dedik ya, Sanani\u2019nin dile hakimiyeti \u00fcst d\u00fczeyde.<\/p>\n<p>\u0130\u015fte bu y\u00fczden Davudo\u011flu Hoca kitab\u0131 terc\u00fcme etmeyi kabul ediyor. Ama burada da \u00e7ok \u00f6nemli bir ad\u0131m daha at\u0131yor. Ad\u0131 tart\u0131\u015fmal\u0131 Sanani\u2019nin kitab\u0131ndan faydalan\u0131p, \u201cFethul Allam\u201d adl\u0131 bir ba\u015fka eseri de \u00e7al\u0131\u015fmas\u0131na kat\u0131yor.\u00a0<strong><em>Ve her iki kitapta bulunan zehirleri ilmek ilmek temizliyor.<\/em><\/strong><\/p>\n<p><strong><em>Bunu yaparken de kitab\u0131n kaynak\u00e7a b\u00f6l\u00fcm\u00fcnde de yer verdi\u011fi 10 farkl\u0131 eserden yararlan\u0131yor. Ortaya \u00e7\u0131kan eser ne Sanani&#8217;nin ne de bir ba\u015fkas\u0131n\u0131n kitab\u0131d\u0131r. Ortaya \u00e7\u0131kan eser yeni bir kitapt\u0131r.\u00a0<\/em><\/strong><\/p>\n<p>Bununla da yetinmiyor,\u00a0 birle\u015ftirdi\u011fi bu iki kitab\u0131n \u00f6nemli yerlerine \u2018<strong><em>\u015ferh\u2019<\/em><\/strong>\u00a0yani a\u00e7\u0131klamalar yaz\u0131yor.\u00a0<strong><em>Her mezhebin s\u00f6z\u00fc ge\u00e7en hadisi nas\u0131l alg\u0131lad\u0131\u011f\u0131n\u0131 ve nas\u0131l uygulad\u0131\u011f\u0131n\u0131 ekliyor. Ad\u0131na da \u201cSelamet Yollar\u0131\u201d ismini veriyor.<\/em><\/strong><\/p>\n<p>Ba\u015fta da belirtti\u011fimiz gibi\u00a0<strong><em>Hadis ilmiyle u\u011fra\u015fanlar i\u00e7in bir ba\u015fucu kitab\u0131 olan kaynak bir eser ortaya \u00e7\u0131k\u0131yor<\/em><\/strong>. Allah kendisinden raz\u0131 olsun.<\/p>\n<h2>Selamet Yollar\u0131 yay\u0131nland\u0131\u011f\u0131 tarihte b\u00fcy\u00fck f\u0131rt\u0131nalar kopard\u0131.<\/h2>\n<p>Eser, ailesinin b\u00fcy\u00fck gayretleri ve Davudo\u011flu Hoca\u2019n\u0131n sevenlerinin yard\u0131m\u0131yla yeniden bas\u0131lmaya ba\u015fland\u0131. 4 cilt olan eser kitap\u00e7\u0131lar\u0131n raflar\u0131nda yerini ald\u0131.<\/p>\n<p>Hadis ilmiyle u\u011fra\u015fanlar ve Peygamber Efendimiz (S.A.V.)\u2019in \u00f6rnek ya\u015fant\u0131s\u0131n\u0131 bilmek isteyenlerin k\u00fct\u00fcphanelerine bir an evvel koymalar\u0131n\u0131 tavsiye ediyoruz.<\/p>\n<p>[youtube http:\/\/www.youtube.com\/watch?v=Mbi3Kiy_O04&amp;w=420&amp;h=315]<\/p>\n<h4><strong>Muhaddis Emin Sara\u00e7 Hocaefendi: <\/strong>Din h\u00fck\u00fcmlerinin tam olarak uygulanmas\u0131 \u00e7ok \u00f6nemlidir. Allah-u Teala&#8217;n\u0131n kitab\u0131na Hz. Peygamber&#8217;in s\u00fcnnetine s\u0131k\u0131 s\u0131k\u0131ya ba\u011flanmak gerekir. Davudo\u011flu Hoca\u2019n\u0131n \u201cSelamet Yollar\u0131\u201d adl\u0131 eseri \u00e7ok faydal\u0131 bir kitapt\u0131r. Kuru bir terc\u00fcmeden \u00e7ok daha fazlas\u0131n\u0131n bu kitab\u0131n i\u00e7inde vard\u0131r. Davudo\u011flu Hoca i\u00e7ine yerle\u015ftirdi\u011fi \u015ferhler ile bu kitab\u0131 daha de\u011ferli hale getirmi\u015ftir.<\/h4>\n","protected":false},"excerpt":{"rendered":"<p>\u00dcstat Ahmed Davudo\u011flu Hoca&#8217;n\u0131n &#8220;unutturulmaya \u00e7al\u0131\u015f\u0131lan eseri&#8221; Selamet Yollar\u0131 yeniden bas\u0131ld\u0131. Her M\u00fcsl\u00fcman i\u00e7in bir ba\u015f ucu eseri olan klasikler aras\u0131na girmi\u015f Selamet Yollar\u0131 adl\u0131 eser T\u00fcrkiye&#8217;de yanl\u0131\u015f ellere ge\u00e7meden gerekli \u015ferhler yaz\u0131larak \u0130slam aleminin hizmetine sunuldu. Peygamber Efendimiz S.A.V&#8217;in sahih hadislerinin bir araya topland\u0131\u011f\u0131 ve farkl\u0131 mezheplere g\u00f6re nas\u0131l uyguland\u0131\u011f\u0131n\u0131n a\u00e7\u0131kland\u0131\u011f\u0131 e\u015fsiz bir eser [&hellip;]<\/p>\n","protected":false},"author":1,"featured_media":0,"parent":43,"menu_order":2,"comment_status":"open","ping_status":"open","template":"page-nosidebar.php","meta":[],"_links":{"self":[{"href":"http:\/\/www.ahmeddavudoglu.com\/index.php?rest_route=\/wp\/v2\/pages\/136"}],"collection":[{"href":"http:\/\/www.ahmeddavudoglu.com\/index.php?rest_route=\/wp\/v2\/pages"}],"about":[{"href":"http:\/\/www.ahmeddavudoglu.com\/index.php?rest_route=\/wp\/v2\/types\/page"}],"author":[{"embeddable":true,"href":"http:\/\/www.ahmeddavudoglu.com\/index.php?rest_route=\/wp\/v2\/users\/1"}],"replies":[{"embeddable":true,"href":"http:\/\/www.ahmeddavudoglu.com\/index.php?rest_route=%2Fwp%2Fv2%2Fcomments&post=136"}],"version-history":[{"count":2,"href":"http:\/\/www.ahmeddavudoglu.com\/index.php?rest_route=\/wp\/v2\/pages\/136\/revisions"}],"predecessor-version":[{"id":390,"href":"http:\/\/www.ahmeddavudoglu.com\/index.php?rest_route=\/wp\/v2\/pages\/136\/revisions\/390"}],"up":[{"embeddable":true,"href":"http:\/\/www.ahmeddavudoglu.com\/index.php?rest_route=\/wp\/v2\/pages\/43"}],"wp:attachment":[{"href":"http:\/\/www.ahmeddavudoglu.com\/index.php?rest_route=%2Fwp%2Fv2%2Fmedia&parent=136"}],"curies":[{"name":"wp","href":"https:\/\/api.w.org\/{rel}","templated":true}]}}