{"id":132,"date":"2013-06-19T12:03:07","date_gmt":"2013-06-19T12:03:07","guid":{"rendered":"http:\/\/ahmeddavudoglu.com\/?page_id=132"},"modified":"2013-06-19T12:03:07","modified_gmt":"2013-06-19T12:03:07","slug":"kuran-i-kerim-ziyafeti","status":"publish","type":"page","link":"http:\/\/www.ahmeddavudoglu.com\/?page_id=132","title":{"rendered":"Kur&#8217;an-\u0131 Kerim Ziyafeti"},"content":{"rendered":"<p>B\u00dcY\u00dcK FAK\u0130H, \u0130SLAM M\u00dcCAH\u0130D\u0130 AHMET DAVUDO\u011eLU HOCAEFEND\u0130 FAT\u0130H AL\u0130 EM\u0130R\u0130 K\u00dcLT\u00dcR MERKEZ\u0130NDE ANILDI. PROGRAMIN BA\u015eLANGICINDA KUR-AN&#8217;I KER\u0130M Z\u0130YAFET\u0130 VARDI<\/p>\n<p>[youtube http:\/\/www.youtube.com\/watch?v=lqw4fBZVIrQ&amp;w=420&amp;h=315]<\/p>\n","protected":false},"excerpt":{"rendered":"<p>B\u00dcY\u00dcK FAK\u0130H, \u0130SLAM M\u00dcCAH\u0130D\u0130 AHMET DAVUDO\u011eLU HOCAEFEND\u0130 FAT\u0130H AL\u0130 EM\u0130R\u0130 K\u00dcLT\u00dcR MERKEZ\u0130NDE ANILDI. PROGRAMIN BA\u015eLANGICINDA KUR-AN&#8217;I KER\u0130M Z\u0130YAFET\u0130 VARDI [youtube http:\/\/www.youtube.com\/watch?v=lqw4fBZVIrQ&amp;w=420&amp;h=315]<\/p>\n","protected":false},"author":1,"featured_media":0,"parent":38,"menu_order":2,"comment_status":"open","ping_status":"open","template":"page-content-sidebar.php","meta":[],"_links":{"self":[{"href":"http:\/\/www.ahmeddavudoglu.com\/index.php?rest_route=\/wp\/v2\/pages\/132"}],"collection":[{"href":"http:\/\/www.ahmeddavudoglu.com\/index.php?rest_route=\/wp\/v2\/pages"}],"about":[{"href":"http:\/\/www.ahmeddavudoglu.com\/index.php?rest_route=\/wp\/v2\/types\/page"}],"author":[{"embeddable":true,"href":"http:\/\/www.ahmeddavudoglu.com\/index.php?rest_route=\/wp\/v2\/users\/1"}],"replies":[{"embeddable":true,"href":"http:\/\/www.ahmeddavudoglu.com\/index.php?rest_route=%2Fwp%2Fv2%2Fcomments&post=132"}],"version-history":[{"count":0,"href":"http:\/\/www.ahmeddavudoglu.com\/index.php?rest_route=\/wp\/v2\/pages\/132\/revisions"}],"up":[{"embeddable":true,"href":"http:\/\/www.ahmeddavudoglu.com\/index.php?rest_route=\/wp\/v2\/pages\/38"}],"wp:attachment":[{"href":"http:\/\/www.ahmeddavudoglu.com\/index.php?rest_route=%2Fwp%2Fv2%2Fmedia&parent=132"}],"curies":[{"name":"wp","href":"https:\/\/api.w.org\/{rel}","templated":true}]}}